{"id":2661,"date":"2014-09-20T20:09:12","date_gmt":"2014-09-20T17:09:12","guid":{"rendered":"https:\/\/www.lieksanurheilijat.com\/?page_id=2661"},"modified":"2014-09-25T20:21:53","modified_gmt":"2014-09-25T17:21:53","slug":"teron-kiskaasut","status":"publish","type":"page","link":"https:\/\/www.lieksanurheilijat.com\/?page_id=2661","title":{"rendered":"Teron Kiskaasut"},"content":{"rendered":"<p>20.9.2014<br \/>\nSein\u00e4joki<\/p>\n<p>T13 Keih\u00e4s<br \/>\n1. Jenna Harju T\u00f6ys\u00e4n Veto 45.15<br \/>\n2. Minna Hollanti Gamlakarleby IF 37.12<br \/>\n3. Pinja Kianta Lemp\u00e4\u00e4l\u00e4n Kisa 36.10<br \/>\n4. Minttu Koskiaho Karijoen Tappara 34.34<br \/>\n5. <strong>Milla Martikainen Lieksan Urheilijat 32.35<\/strong><br \/>\n6. Emilia Kangas Sein\u00e4joen Seudun Urheilijat 31.73<br \/>\n7. Essi Hannuksela \u00a0Ilmajoen Kisailijat 31.14<br \/>\n8. Elin K\u00e4llberg IF Femman 29.65<br \/>\n9. Iiris Marjanen Sein\u00e4joen Seudun Urheilijat 28.03<br \/>\n10. Vilma Sundgvist IF Kraft\u00a026.00<br \/>\n11. Anette Eskeli Sein\u00e4joen Seudun Urheilijat 24.53<br \/>\n12. Siina Sahlberg V\u00e4h\u00e4nkyr\u00f6n Viesti 23.78<br \/>\n13. Sarita Peltokangas Alah\u00e4rm\u00e4n Kisa 23.46<\/p>\n<p>T 13 60m -3.1<br \/>\n1. Viivi Lehtinen V\u00e4h\u00e4nkyr\u00f6n Viesti 8.55<br \/>\n2. Wilma Sundgvist IF Kraft 9.08<br \/>\n3. Elise L\u00e4hdem\u00e4ki Sein\u00e4joen Seudun Urheilijat 9.17<br \/>\n4. Iiris Marjanen Sein\u00e4joen Seudun Urheilijat 9.20<br \/>\n5. Jenna Harju T\u00f6ys\u00e4n Veto 9.31<br \/>\n6. Elle Haapoja Lapuan Virki\u00e4 9.37<br \/>\n7. Siina Sahlberg V\u00e4h\u00e4nkyr\u00f6n Viesti 10.00<br \/>\n8. <strong>Milla Martikainen Lieksan Urheilijat 10.20<\/strong><\/p>\n","protected":false},"excerpt":{"rendered":"<p>20.9.2014 Sein\u00e4joki T13 Keih\u00e4s 1. Jenna Harju T\u00f6ys\u00e4n Veto 45.15 2. Minna Hollanti Gamlakarleby IF 37.12 3. Pinja Kianta Lemp\u00e4\u00e4l\u00e4n Kisa 36.10 4. Minttu Koskiaho Karijoen Tappara 34.34 5. Milla Martikainen Lieksan Urheilijat 32.35 6. Emilia Kangas Sein\u00e4joen Seudun Urheilijat 31.73 7. Essi Hannuksela \u00a0Ilmajoen Kisailijat 31.14 8. Elin K\u00e4llberg &hellip;<\/p>\n","protected":false},"author":3,"featured_media":0,"parent":312,"menu_order":3,"comment_status":"closed","ping_status":"closed","template":"","meta":{"footnotes":""},"categories":[32,7],"tags":[],"class_list":["post-2661","page","type-page","status-publish","hentry","category-millamartikainen","category-tulokset"],"_links":{"self":[{"href":"https:\/\/www.lieksanurheilijat.com\/index.php?rest_route=\/wp\/v2\/pages\/2661","targetHints":{"allow":["GET"]}}],"collection":[{"href":"https:\/\/www.lieksanurheilijat.com\/index.php?rest_route=\/wp\/v2\/pages"}],"about":[{"href":"https:\/\/www.lieksanurheilijat.com\/index.php?rest_route=\/wp\/v2\/types\/page"}],"author":[{"embeddable":true,"href":"https:\/\/www.lieksanurheilijat.com\/index.php?rest_route=\/wp\/v2\/users\/3"}],"replies":[{"embeddable":true,"href":"https:\/\/www.lieksanurheilijat.com\/index.php?rest_route=%2Fwp%2Fv2%2Fcomments&post=2661"}],"version-history":[{"count":3,"href":"https:\/\/www.lieksanurheilijat.com\/index.php?rest_route=\/wp\/v2\/pages\/2661\/revisions"}],"predecessor-version":[{"id":2666,"href":"https:\/\/www.lieksanurheilijat.com\/index.php?rest_route=\/wp\/v2\/pages\/2661\/revisions\/2666"}],"up":[{"embeddable":true,"href":"https:\/\/www.lieksanurheilijat.com\/index.php?rest_route=\/wp\/v2\/pages\/312"}],"wp:attachment":[{"href":"https:\/\/www.lieksanurheilijat.com\/index.php?rest_route=%2Fwp%2Fv2%2Fmedia&parent=2661"}],"wp:term":[{"taxonomy":"category","embeddable":true,"href":"https:\/\/www.lieksanurheilijat.com\/index.php?rest_route=%2Fwp%2Fv2%2Fcategories&post=2661"},{"taxonomy":"post_tag","embeddable":true,"href":"https:\/\/www.lieksanurheilijat.com\/index.php?rest_route=%2Fwp%2Fv2%2Ftags&post=2661"}],"curies":[{"name":"wp","href":"https:\/\/api.w.org\/{rel}","templated":true}]}}