{"id":2657,"date":"2014-09-13T23:49:30","date_gmt":"2014-09-13T20:49:30","guid":{"rendered":"https:\/\/www.lieksanurheilijat.com\/?page_id=2657"},"modified":"2014-09-15T15:50:56","modified_gmt":"2014-09-15T12:50:56","slug":"hannun-keihaskisa","status":"publish","type":"page","link":"https:\/\/www.lieksanurheilijat.com\/?page_id=2657","title":{"rendered":"Hannun keih\u00e4skisa"},"content":{"rendered":"<p>13.9.2014<br \/>\nOutokumpu<\/p>\n<p>T13 Keih\u00e4s<br \/>\n1 Milla Martikainen LieksU 31.51<br \/>\n2 Lumi K\u00e4rkk\u00e4inen JoensKa 30.90<br \/>\n3 Hanna Toivanen JuuanU 23.28<br \/>\n4 Reetta Naumanen OutokPa 22.62<\/p>\n","protected":false},"excerpt":{"rendered":"<p>13.9.2014 Outokumpu T13 Keih\u00e4s 1 Milla Martikainen LieksU 31.51 2 Lumi K\u00e4rkk\u00e4inen JoensKa 30.90 3 Hanna Toivanen JuuanU 23.28 4 Reetta Naumanen OutokPa 22.62<\/p>\n","protected":false},"author":3,"featured_media":0,"parent":312,"menu_order":4,"comment_status":"closed","ping_status":"closed","template":"","meta":{"footnotes":""},"categories":[32,7],"tags":[],"class_list":["post-2657","page","type-page","status-publish","hentry","category-millamartikainen","category-tulokset"],"_links":{"self":[{"href":"https:\/\/www.lieksanurheilijat.com\/index.php?rest_route=\/wp\/v2\/pages\/2657","targetHints":{"allow":["GET"]}}],"collection":[{"href":"https:\/\/www.lieksanurheilijat.com\/index.php?rest_route=\/wp\/v2\/pages"}],"about":[{"href":"https:\/\/www.lieksanurheilijat.com\/index.php?rest_route=\/wp\/v2\/types\/page"}],"author":[{"embeddable":true,"href":"https:\/\/www.lieksanurheilijat.com\/index.php?rest_route=\/wp\/v2\/users\/3"}],"replies":[{"embeddable":true,"href":"https:\/\/www.lieksanurheilijat.com\/index.php?rest_route=%2Fwp%2Fv2%2Fcomments&post=2657"}],"version-history":[{"count":1,"href":"https:\/\/www.lieksanurheilijat.com\/index.php?rest_route=\/wp\/v2\/pages\/2657\/revisions"}],"predecessor-version":[{"id":2658,"href":"https:\/\/www.lieksanurheilijat.com\/index.php?rest_route=\/wp\/v2\/pages\/2657\/revisions\/2658"}],"up":[{"embeddable":true,"href":"https:\/\/www.lieksanurheilijat.com\/index.php?rest_route=\/wp\/v2\/pages\/312"}],"wp:attachment":[{"href":"https:\/\/www.lieksanurheilijat.com\/index.php?rest_route=%2Fwp%2Fv2%2Fmedia&parent=2657"}],"wp:term":[{"taxonomy":"category","embeddable":true,"href":"https:\/\/www.lieksanurheilijat.com\/index.php?rest_route=%2Fwp%2Fv2%2Fcategories&post=2657"},{"taxonomy":"post_tag","embeddable":true,"href":"https:\/\/www.lieksanurheilijat.com\/index.php?rest_route=%2Fwp%2Fv2%2Ftags&post=2657"}],"curies":[{"name":"wp","href":"https:\/\/api.w.org\/{rel}","templated":true}]}}