{"id":2640,"date":"2014-09-07T19:01:53","date_gmt":"2014-09-07T16:01:53","guid":{"rendered":"https:\/\/www.lieksanurheilijat.com\/?page_id=2640"},"modified":"2014-11-04T16:17:29","modified_gmt":"2014-11-04T14:17:29","slug":"pyhaselan-xiv-heittohyppypaivat-2-paiva","status":"publish","type":"page","link":"https:\/\/www.lieksanurheilijat.com\/?page_id=2640","title":{"rendered":"Pyh\u00e4sel\u00e4n XIV heittohyppyp\u00e4iv\u00e4t 2. p\u00e4iv\u00e4"},"content":{"rendered":"<p>7.9.2014<br \/>\nPyh\u00e4selk\u00e4<\/p>\n<p>N17 keih\u00e4s<br \/>\n1. Netta Karvinen Kerim\u00e4en Urheilijat 37,42<br \/>\n2. Saara Torpakko Kerim\u00e4en Urheilijat 31,68<br \/>\n3. <strong>Milja Pesonen Lieksan Urheilijat 29,76<\/strong><\/p>\n<p>T15 kuula<br \/>\n1. <strong>Venla Kettunen Lieksan Urheilijat 10,15<\/strong><br \/>\n2. Muusa Makkonen Kerim\u00e4en Urheilijat 10,07<br \/>\n3. Jenni Nuutinen Pyh\u00e4sel\u00e4n Urheilijat 9,65<br \/>\n4. Sonja Torpakko Kerim\u00e4en Urheilijat 9,16<br \/>\n5. <strong>Minea Suhonen Lieksan Urheilijat 8,40<\/strong><br \/>\n6. <strong>Jutta Martikainen Lieksan Urheilijat 8,39<\/strong><br \/>\nMicaela Lindsberg Pyh\u00e4sel\u00e4n Urheilijat DNS<\/p>\n<p>T15 keih\u00e4s<br \/>\n1. Sonja Torpakko Kerim\u00e4en Urheilijat 37,70<br \/>\n2. <strong>Minea Suhonen Lieksan Urheilijat 33,75<\/strong><br \/>\n3. <strong>Venla Kettunen Lieksan Urheilijat 32,80<\/strong><br \/>\n4. <strong>Jutta Martikainen Lieksan Urheilijat 29,32<\/strong><br \/>\n5. Jenni Nuutinen Pyh\u00e4sel\u00e4n Urheilijat 27,01<br \/>\n6. Micaela Lindsberg Pyh\u00e4sel\u00e4n Urheilijat 26,11<\/p>\n<p>Parikilpailu:<br \/>\n1. <strong>Lieksan Urheilijat<\/strong> (Minea Suhonen 33,75 ja Venla Kettunen 32,49) 66,24<br \/>\n2. Pyh\u00e4sel\u00e4n Urheilijat (Jenni Nuutinen 27,01 ja Mikaela Lindsberg 24,52) 51,53<\/p>\n<p>T13 3-loikka<br \/>\n1. <strong>Riina Kettunen Lieksan Urheilijat 9,66, +1,6<\/strong><br \/>\n2. Petra Lappalainen Joensuun Kataja 9,45, +0,9<br \/>\n3. Jenna Riikonen Joensuun Kataja 9,34, +1,0<br \/>\n4. Veera Kontkanen Pyh\u00e4sel\u00e4n Urheilijat 9,15, +0,0<br \/>\n5. <strong>Tanja Ryyn\u00e4nen Lieksan Urheilijat 8,87, +0,0<\/strong><br \/>\n6. <strong>Milla Martikainen Lieksan Urheilijat 7,89, +0,0<\/strong><br \/>\n7. Hanna Toivanen Juuan Urheilija 7,81, +0,6<\/p>\n<p>Parikilpailu:<br \/>\n1. Joensuun Kataja (Petra Lappalainen, 9,45 ja Jenna Riikonen, 9,34) 18,79<br \/>\n2. <strong>Lieksan Urheilijat<\/strong> (Riina Kettunen, 9,66 ja Tanja Ryyn\u00e4nen, 8,87) 18,53<\/p>\n<p>T13 kuula<br \/>\n1. Hanna Toivanen Juuan Urheilijat 8,32<br \/>\n2. <strong>Riina Kettunen Lieksan Urheilijat 8,16<\/strong><br \/>\n3. Moona Makkonen Kerim\u00e4en Urheilijat 7,71<br \/>\n4. <strong>Ada Pakarinen Lieksan Urheilijat 7,58<\/strong><br \/>\n5. <strong>Milla Martikainen Lieksan Urheilijat 7,49<\/strong><br \/>\n6. <strong>Tanja Ryyn\u00e4nen Lieksan Urheilijat 7,07<\/strong><br \/>\n7. <strong>Lotta Martikainen Lieksan Urheilijat 6,79<\/strong><\/p>\n<p>Parikilpailu:<br \/>\n1. <strong>Lieksan Urheilijat<\/strong> (Riina Kettunen, 8,16 ja Ada Pakarinen, 7,58) 15,74<br \/>\n2. <strong>Lieksan Urheilijat 2<\/strong> (Milla Martikainen 7,49 ja Tanja Ryyn\u00e4nen 7,07) 14,56<\/p>\n<p>T13 keih\u00e4s<br \/>\n1. <strong>Milla Martikainen Lieksan Urheilijat 31,63<\/strong><br \/>\n2. <strong>Riina Kettunen Lieksan Urheilijat 30,42<\/strong><br \/>\n3. Moona Makkonen Kerim\u00e4en Urheilijat 30,39<br \/>\n4. Lumi K\u00e4rkk\u00e4inen Joensuun Kataja 28,83<br \/>\n5. Hanna Toivanen Juuan Urheilijat 25,32<br \/>\n6. <strong>Tanja Ryyn\u00e4nen Lieksan Urheilijat 22,95<\/strong><br \/>\n7. <strong>Lotta Martikainen Lieksan Urheilijat 18,74<\/strong><\/p>\n<p>Parikilpailu:<br \/>\n1. <strong>Lieksan Urheilijat<\/strong> (Milla Martikainen 31,63 ja Riina Kettunen 30,42) 62,05<br \/>\n2. <strong>Lieksan Urheilijat 2<\/strong> (Tanja Ryyn\u00e4nen 22,95 ja Lotta Martikainen 18,74) 41,69<\/p>\n<p>T11 3-loikka<br \/>\n1. Karla K\u00f6n\u00f6nen Pyh\u00e4sel\u00e4n Urheilijat 8,60<br \/>\n2. <strong>Heta Kettunen Lieksan Urheilijat 8,52<\/strong><br \/>\n3. Sini Lehikoinen Pyh\u00e4sel\u00e4n Urheilijat 8,51<br \/>\n4. Sofia Raatikainen Pyh\u00e4sel\u00e4n Urheilijat 8,07<br \/>\n5. Anni Huovinen Pyh\u00e4sel\u00e4n Urheilijat 7,90<br \/>\n6. Sanni Toivanen Juuan Urheilijat 6,57<\/p>\n<p>T11 kuula<br \/>\n1. Nicola Lindsberg Pyh\u00e4sel\u00e4n Urheilijat 9,61<br \/>\n2. Sini Lehikoinen Pyh\u00e4sel\u00e4n Urheilijat 8,60<br \/>\n3. <strong>Riina Palviainen Lieksan Urheilijat 8,03<\/strong><br \/>\n4. Karla K\u00f6n\u00f6nen Pyh\u00e4sel\u00e4n Urheilijat 7,07<br \/>\n5. Anni Huovinen Pyh\u00e4sel\u00e4n Urheilijat 6,73<br \/>\n6. Sanni Toivanen Juuan Urheilijat 6,34<br \/>\n7. Huuho Janna Kiteen Urheilijat 5,82<br \/>\n8. Sofia Raatikainen Pyh\u00e4sel\u00e4n Urheilijat 4,81<\/p>\n<p>T11 keih\u00e4s<br \/>\n1. <strong>Riina Palviainen Lieksan Urheilijat 26,00<\/strong><br \/>\n2. <strong>Heta Kettunen Lieksan Urheilijat 25,35<\/strong><br \/>\n3. Sini Lehikoinen Pyh\u00e4sel\u00e4n Urheilijat 25,33<br \/>\n4. Nicola Lindsberg Pyh\u00e4sel\u00e4n Urheilijat 20,17<br \/>\n5. Karla K\u00f6n\u00f6nen Pyh\u00e4sel\u00e4n Urheilijat 20,14<br \/>\n6. Anni Huovinen Pyh\u00e4sel\u00e4n Urheilijat 18,69<br \/>\n7. Sanni Toivanen Juuan Urheilijat 16,91<br \/>\n8. Sofia Raatikainen Pyh\u00e4sel\u00e4n Urheilijat 9,08<\/p>\n<p>Parikilpailu:<br \/>\n1. <strong>Lieksan Urheilijat<\/strong> (Heta Kettunen, 25,35 ja Riina Palviainen 25,99) 51,34<br \/>\n2. Pyh\u00e4sel\u00e4n Urheilijat (Sini Lehikoinen 25,33 ja Nicola Lindsberg 20,17) 45,50<br \/>\n3. Pyh\u00e4sel\u00e4n Urheilijat Karla K\u00f6n\u00f6nen, 20,14 ja Anni Huovinen 18,27) 38,41<\/p>\n","protected":false},"excerpt":{"rendered":"<p>7.9.2014 Pyh\u00e4selk\u00e4 N17 keih\u00e4s 1. Netta Karvinen Kerim\u00e4en Urheilijat 37,42 2. Saara Torpakko Kerim\u00e4en Urheilijat 31,68 3. Milja Pesonen Lieksan Urheilijat 29,76 T15 kuula 1. Venla Kettunen Lieksan Urheilijat 10,15 2. Muusa Makkonen Kerim\u00e4en Urheilijat 10,07 3. Jenni Nuutinen Pyh\u00e4sel\u00e4n Urheilijat 9,65 4. Sonja Torpakko Kerim\u00e4en Urheilijat 9,16 5. Minea &hellip;<\/p>\n","protected":false},"author":3,"featured_media":0,"parent":312,"menu_order":5,"comment_status":"closed","ping_status":"closed","template":"","meta":{"footnotes":""},"categories":[14,34,40,38,32,31,7,23],"tags":[],"class_list":["post-2640","page","type-page","status-publish","hentry","category-aarninyblom","category-hetakettunen","category-juttamartikainen","category-lottamartikainen","category-millamartikainen","category-riinakettunen","category-tulokset","category-venlakettunen"],"_links":{"self":[{"href":"https:\/\/www.lieksanurheilijat.com\/index.php?rest_route=\/wp\/v2\/pages\/2640","targetHints":{"allow":["GET"]}}],"collection":[{"href":"https:\/\/www.lieksanurheilijat.com\/index.php?rest_route=\/wp\/v2\/pages"}],"about":[{"href":"https:\/\/www.lieksanurheilijat.com\/index.php?rest_route=\/wp\/v2\/types\/page"}],"author":[{"embeddable":true,"href":"https:\/\/www.lieksanurheilijat.com\/index.php?rest_route=\/wp\/v2\/users\/3"}],"replies":[{"embeddable":true,"href":"https:\/\/www.lieksanurheilijat.com\/index.php?rest_route=%2Fwp%2Fv2%2Fcomments&post=2640"}],"version-history":[{"count":1,"href":"https:\/\/www.lieksanurheilijat.com\/index.php?rest_route=\/wp\/v2\/pages\/2640\/revisions"}],"predecessor-version":[{"id":2641,"href":"https:\/\/www.lieksanurheilijat.com\/index.php?rest_route=\/wp\/v2\/pages\/2640\/revisions\/2641"}],"up":[{"embeddable":true,"href":"https:\/\/www.lieksanurheilijat.com\/index.php?rest_route=\/wp\/v2\/pages\/312"}],"wp:attachment":[{"href":"https:\/\/www.lieksanurheilijat.com\/index.php?rest_route=%2Fwp%2Fv2%2Fmedia&parent=2640"}],"wp:term":[{"taxonomy":"category","embeddable":true,"href":"https:\/\/www.lieksanurheilijat.com\/index.php?rest_route=%2Fwp%2Fv2%2Fcategories&post=2640"},{"taxonomy":"post_tag","embeddable":true,"href":"https:\/\/www.lieksanurheilijat.com\/index.php?rest_route=%2Fwp%2Fv2%2Ftags&post=2640"}],"curies":[{"name":"wp","href":"https:\/\/api.w.org\/{rel}","templated":true}]}}