{"id":2635,"date":"2014-09-06T20:16:52","date_gmt":"2014-09-06T17:16:52","guid":{"rendered":"https:\/\/www.lieksanurheilijat.com\/?page_id=2635"},"modified":"2014-11-04T16:17:24","modified_gmt":"2014-11-04T14:17:24","slug":"pyhaselan-xiv-heittohyppypaivat-1-paiva","status":"publish","type":"page","link":"https:\/\/www.lieksanurheilijat.com\/?page_id=2635","title":{"rendered":"Pyh\u00e4sel\u00e4n XIV heittohyppyp\u00e4iv\u00e4t 1. p\u00e4iv\u00e4"},"content":{"rendered":"<p>6.9.2014<br \/>\nPyh\u00e4selk\u00e4<\/p>\n<p>M17 moukari:<br \/>\n1. Niko Partanen Sulkavan Urheilijat -41 66.19<br \/>\n2. <strong>Kimmo Martikainen Lieksan Urheilijat 51.63<\/strong><\/p>\n<p>T15 pituus:<br \/>\n1. Kaisa-Liisa Kainulainen Joensuun Kataja 482, +1,7<br \/>\n2. Kati Nuutinen Pyh\u00e4sel\u00e4n Urheilijat 470, +0,8<br \/>\n3. Micaela Lindsberg Pyh\u00e4sel\u00e4n Urheilijat 461, +0,3<br \/>\n4. Jutta Nuutinen Pyh\u00e4sel\u00e4n Urheilijat 454, +0,0<br \/>\n5. <strong>Venla Kettunen Lieksan Urheilijat 438, +0,9<\/strong><br \/>\n6. Milla Susi Pyh\u00e4sel\u00e4n Urheilijat 430, +1,1<br \/>\n7. Iida Heikkinen Outokummun Partio 369, +0,9<\/p>\n<p>T15 moukari:<br \/>\n1. <strong>Venla Kettunen Lieksan Urheilijat 50.10<\/strong><br \/>\n2. Iida Heikkinen Outokummun Partio 46.57<br \/>\n3. <strong>Milja Pesonen Lieksan Urheilijat 41.08<\/strong><br \/>\n4. <strong>Jutta Martikainen Lieksan Urheilijat 28.95<\/strong><\/p>\n<p>Joukkuekisa:<br \/>\n1. <strong>Lieksan Urheilijat<\/strong> (Venla Kettunen 47.18, Milja Pesonen 40.18) 87.36<\/p>\n<p>T13 korkeus:<br \/>\n1. <strong>Riina Kettunen Lieksan Urheilijat 135<\/strong><br \/>\n2. Jenna Riikonen Joensuun Kataja 135<br \/>\n3. Riina Hassinen Pyh\u00e4sel\u00e4n Urheilijat 135<br \/>\n4. Veera Kontkanen Pyh\u00e4sel\u00e4n Urheilijat 130<br \/>\n5. Iida Hartikainen Juuan Urheilijat 125<br \/>\n6. Hanna Toivanen Juuan Urheilijat 125<br \/>\n7. <strong>Tanja Ryyn\u00e4nen Lieksan Urheilijat 125<\/strong><\/p>\n<p>Joukkuekisa:<br \/>\n1. Pyh\u00e4sel\u00e4n Urheilijat (Riina Hassinen 135, Veera Kontkanen 130) 265<br \/>\n2. <strong>Lieksan Urheilijat<\/strong> (Riina Kettunen 135, Tanja Ryyn\u00e4nen 125) 260<br \/>\n3. Juuan Urheilijat (Iida Hartikainen 125, Hanna Toivanen 125) 250<\/p>\n<p>T13 pituus:<br \/>\n1. <strong>Riina Kettunen Lieksan Urheilijat 464, +0,6<\/strong><br \/>\n2. Jenna Riikonen Joensuun Kataja 409, +1,5<br \/>\n3. Petra Lappalainen Joensuun Kataja 409, +0,6<br \/>\n4. Veera Kontkanen Pyh\u00e4sel\u00e4n Urheilijat 405, +2,1, 371, +0,0<br \/>\n5. Riina Hassinen Pyh\u00e4sel\u00e4n Urheilijat 382, -0,9<br \/>\n6. Lumi K\u00e4rkk\u00e4inen Joensuun Kataja 381, +0,5<br \/>\n7. <strong>Milla Martikainen Lieksan Urheilijat 377, +0,0<\/strong><br \/>\n8. <strong>Ada Pakarinen Lieksan Urheilijat 373, +2,2, 358, +0,0<\/strong><br \/>\n9. Iida Hartikainen Juuan Urheilijat 367, +0,7<br \/>\n10. Hanna Toivanen Juuan Urheilijat 350, +1,4<br \/>\n11. <strong>Tanja Ryyn\u00e4nen Lieksan Urheilijat 232, +2,3<\/strong><\/p>\n<p>Joukkuekisa:<br \/>\n1. <strong>Lieksan Urheilijat 1<\/strong> (Riina Kettunen 464, Milla Martikainen 377) 841<br \/>\n2. Joensuun Kataja (Jenna Riikonen 409, Petra Lappalainen 409) 818<br \/>\n3. Pyh\u00e4sel\u00e4n Urheilijat (Veera Kontkanen 405, Riina Hassinen 382) 787<br \/>\n4. Juuan Urheilijat (Iida Hartikainen 367, Hanna Toivanen 350) 717<br \/>\n5. <strong>Lieksan Urheilijat 2<\/strong> (Ada Pakarinen 373, Tanja Ryyn\u00e4nen 232) 605<\/p>\n<p>T13 moukari:<br \/>\n1. <strong>Milla Martikainen Lieksan Urheilijat 30.45<\/strong><br \/>\n2. <strong>Riina Kettunen Lieksan Urheilijat 26.10<\/strong><br \/>\n3. Hanna Toivanen Juuan Urheilijat 22.59<br \/>\n4. <strong>Lotta Martikainen Lieksan Urheilijat 22.36<\/strong><\/p>\n<p>Joukkuekisa:<br \/>\n1. <strong>Lieksan Urheilijat<\/strong> (Milla Martikainen 30.45, Riina Kettunen 26.10) 56.55<\/p>\n<p>T11 korkeus:<br \/>\n1. Tiia Rantala Polvij\u00e4rven Urheilijat 126<br \/>\n2. Netta-Noora Lappalainen Pyh\u00e4sel\u00e4n Urheilijat 123<br \/>\n3. <strong>Riina Palviainen Lieksan Urheilijat 123<\/strong><br \/>\n4. Sini Lehikoinen Pyh\u00e4sel\u00e4n Urheilijat 123<br \/>\n5. <strong>Heta Kettunen Lieksan Urheilijat 120<\/strong><br \/>\n6. Karla K\u00f6n\u00f6nen Pyh\u00e4sel\u00e4n Urheilijat 110<br \/>\n7. Sofia Raatikainen Pyh\u00e4sel\u00e4n Urheilijat 105<br \/>\n8. Sanni Toivanen Juuan Urheilijat 100<\/p>\n<p>Joukkuekisa:<br \/>\n1. Pyh\u00e4sel\u00e4n Urheilijat 1 (Netta-Noora Lappalainen 123. Sini Lehikoinen 123) 246<br \/>\n2. <strong>Lieksan Urheilijat<\/strong> (Riina Palviainen 123, Heta Kettunen 120) 243<br \/>\n3. Pyh\u00e4sel\u00e4n Urheilijat 2 (Karla K\u00f6n\u00f6nen 110, Sofia Raatikainen 105) 215<\/p>\n<p>T11 pituus:<br \/>\n1. Karla K\u00f6n\u00f6nen Pyh\u00e4sel\u00e4n Urheilijat 413<br \/>\n2. Elina Nivaj\u00e4rvi Joensuun Kataja 403<br \/>\n3. <strong>Heta Kettunen Lieksan Urheilijat 394<\/strong><br \/>\n4. Maria Sotikov Pyh\u00e4sel\u00e4n Urheilijat 391<br \/>\n5. Sini Lehikoinen Pyh\u00e4sel\u00e4n Urheilijat 378<br \/>\n6. Anni Huovinen Pyh\u00e4sel\u00e4n Urheilijat 374<br \/>\n7. Sofia Raatikainen Pyh\u00e4sel\u00e4n Urheilijat 372<br \/>\n8. Tiia Rantala Polvij\u00e4rven Urheilijat 369<br \/>\n9. Siiri Hartikainen Juuan Urheilijat 335<br \/>\n10. Siiri Luostarinen Joensuun Kataja 317<br \/>\n11. Sanni Toivanen Juuan Urheilijat 304<\/p>\n<p>T11 moukari:<br \/>\n1. Netta-Noora Lappalainen Pyh\u00e4sel\u00e4n Urheilijat 28.23<br \/>\n2. <strong>Riina Palviainen Lieksan Urheilijat 25.04<\/strong><br \/>\n3. <strong>Heta Kettunen Lieksan Urheilijat 22.22<\/strong><br \/>\n4. Nicola Lindsberg Pyh\u00e4sel\u00e4n Urheilijat 19.99<br \/>\n5. Sanni Toivanen Juuan Urheilijat 13.52<br \/>\n6. Karla K\u00f6n\u00f6nen Pyh\u00e4sel\u00e4n Urheilijat 13.42<\/p>\n<p>Joukkuekisa:<br \/>\n1. Pyh\u00e4sel\u00e4n Urheilijat 1 (Netta-Noora Lappalainen 28.23, Nicola Lindsberg 19.15) 47.38<br \/>\n2. <strong>Lieksan Urheilijat<\/strong> (Heta Kettunen 22.22, Riina Palviainen 25.04) 47.26<\/p>\n","protected":false},"excerpt":{"rendered":"<p>6.9.2014 Pyh\u00e4selk\u00e4 M17 moukari: 1. Niko Partanen Sulkavan Urheilijat -41 66.19 2. Kimmo Martikainen Lieksan Urheilijat 51.63 T15 pituus: 1. Kaisa-Liisa Kainulainen Joensuun Kataja 482, +1,7 2. Kati Nuutinen Pyh\u00e4sel\u00e4n Urheilijat 470, +0,8 3. Micaela Lindsberg Pyh\u00e4sel\u00e4n Urheilijat 461, +0,3 4. Jutta Nuutinen Pyh\u00e4sel\u00e4n Urheilijat 454, +0,0 5. Venla Kettunen &hellip;<\/p>\n","protected":false},"author":3,"featured_media":0,"parent":312,"menu_order":7,"comment_status":"closed","ping_status":"closed","template":"","meta":{"footnotes":""},"categories":[34,40,38,31,7,23],"tags":[],"class_list":["post-2635","page","type-page","status-publish","hentry","category-hetakettunen","category-juttamartikainen","category-lottamartikainen","category-riinakettunen","category-tulokset","category-venlakettunen"],"_links":{"self":[{"href":"https:\/\/www.lieksanurheilijat.com\/index.php?rest_route=\/wp\/v2\/pages\/2635","targetHints":{"allow":["GET"]}}],"collection":[{"href":"https:\/\/www.lieksanurheilijat.com\/index.php?rest_route=\/wp\/v2\/pages"}],"about":[{"href":"https:\/\/www.lieksanurheilijat.com\/index.php?rest_route=\/wp\/v2\/types\/page"}],"author":[{"embeddable":true,"href":"https:\/\/www.lieksanurheilijat.com\/index.php?rest_route=\/wp\/v2\/users\/3"}],"replies":[{"embeddable":true,"href":"https:\/\/www.lieksanurheilijat.com\/index.php?rest_route=%2Fwp%2Fv2%2Fcomments&post=2635"}],"version-history":[{"count":1,"href":"https:\/\/www.lieksanurheilijat.com\/index.php?rest_route=\/wp\/v2\/pages\/2635\/revisions"}],"predecessor-version":[{"id":2636,"href":"https:\/\/www.lieksanurheilijat.com\/index.php?rest_route=\/wp\/v2\/pages\/2635\/revisions\/2636"}],"up":[{"embeddable":true,"href":"https:\/\/www.lieksanurheilijat.com\/index.php?rest_route=\/wp\/v2\/pages\/312"}],"wp:attachment":[{"href":"https:\/\/www.lieksanurheilijat.com\/index.php?rest_route=%2Fwp%2Fv2%2Fmedia&parent=2635"}],"wp:term":[{"taxonomy":"category","embeddable":true,"href":"https:\/\/www.lieksanurheilijat.com\/index.php?rest_route=%2Fwp%2Fv2%2Fcategories&post=2635"},{"taxonomy":"post_tag","embeddable":true,"href":"https:\/\/www.lieksanurheilijat.com\/index.php?rest_route=%2Fwp%2Fv2%2Ftags&post=2635"}],"curies":[{"name":"wp","href":"https:\/\/api.w.org\/{rel}","templated":true}]}}