{"id":2611,"date":"2014-09-02T16:58:14","date_gmt":"2014-09-02T13:58:14","guid":{"rendered":"https:\/\/www.lieksanurheilijat.com\/?page_id=2611"},"modified":"2014-11-04T16:17:16","modified_gmt":"2014-11-04T14:17:16","slug":"lieksan-koululaismestaruudet","status":"publish","type":"page","link":"https:\/\/www.lieksanurheilijat.com\/?page_id=2611","title":{"rendered":"Lieksan koululaismestaruudet"},"content":{"rendered":"<p>2.9.2014<br \/>\nLieksa<\/p>\n<p>Tyt\u00f6t 10v 3-ottelu<br \/>\n1 Marjo Heikura Jamali 10,38 189 85 78 5,19 207 474<br \/>\n2 Maija Boren Keskuskoulu 10,97 142 100 132 4,82 188 462<br \/>\n3 Pauliina Sarasoja Jamali 11,15 131 100 132 4,58 176 439<br \/>\n4 Mustak Askar Keskuskoulu 12,01 89 85 78 5,36 216 383<br \/>\n5 Pirita K\u00e4rkk\u00e4inen Jamali 11,60 107 95 112 3,96 146 365<br \/>\n6 Aino Pyykk\u00f6 Keskuskoulu 10,82 153 65 30 4,45 170 353<br \/>\n7 Iida Kortelainen Keskuskoulu 11,93 92 80 64 4,51 173 329<br \/>\n8 Silja Mikkonen Rantala 12,81 63 95 112 4,00 148 323<br \/>\n9 Mimosa Laatikainen Jamali 11,42 116 85 78 3,51 125 319<br \/>\n10 Ella Kakkinen Meril\u00e4 11,79 98 85 78 3,78 137 313<br \/>\n11 Julia K\u00e4rkk\u00e4inen Jamali 12,91 60 85 78 4,09 152 290<br \/>\n12 Tuuli Saraniemi Rantala 11,77 99 75 51 3,52 125 275<br \/>\n13 Makay Mohamed Rantala 12,35 76 75 51 3,87 142 269<br \/>\n14 Iida Meril\u00e4inen Keskuskoulu 12,53 71 70 40 4,01 148 259<br \/>\n15 Jemina Holma Keskuskoulu 12,41 75 80 64 2,65 85 224<br \/>\n16 Ronja Suhonen Rantala 13,88 39 75 51 3,64 131 221<br \/>\n17 Elina Heikkinen Rantala 14,55 29 65 30 3,33 116 175<\/p>\n<p>T10 600m<br \/>\n1 Maija Boren Keskuskoulu 2.15,97<br \/>\n2 Marjo Heikura Jamali 2.20,60<br \/>\n3 Iina Pehkonen Keskuskoulu 2.23,06<br \/>\n4 Sara Pyykk\u00f6 Keskuskoulu 2.37,59<br \/>\n5 Kerttu Vallius Keskuskoulu 2.40,06<br \/>\n6 Aino Pyykk\u00f6 Keskuskoulu 2.40,70<br \/>\n7 Pirita K\u00e4rkk\u00e4inen Jamali 2.47,72<br \/>\n8 Tuuli Saraniemi Rantala 2.52,98<br \/>\n9 Mustak Askar Keskuskoulu 2.59,99<br \/>\n10 Silja Mikkonen Rantala 3.04,32<br \/>\n11 Ronja Suhonen Rantala 4.02,87<br \/>\n12 Elina Heikkinen Rantala 4.04,18<\/p>\n<p>Pojat 10v 3-ottelu<br \/>\n1 Aarni Nyblom Jamali 10,45 182 105 154 7,65 339 675<br \/>\n2 Sakariye Huubow Rantala 10,38 189 105 154 6,77 290 633<br \/>\n3 Eero Mauro Rantala 10,47 181 100 132 5,57 227 540<br \/>\n4 Theykwan Ajuk Rantala 10,82 153 95 112 5,09 202 467<br \/>\n5 Eetu Behm Rantala 11,43 115 90 94 6,11 255 464<br \/>\n6 Heikki H\u00e4m\u00e4l\u00e4inen Keskuskoulu 11,03 139 90 94 5,48 222 455<br \/>\n7 Eetu Vartiainen Keskuskoulu 11,35 120 90 94 5,82 240 454<br \/>\n7 Jesse Silvennoinen Keskuskoulu 11,70 102 95 112 5,82 240 454<br \/>\n9 Mikko Korhonen Jamali 11,02 139 85 78 5,60 228 445<br \/>\n10 Rani Lindgren Keskuskoulu 11,63 105 85 78 6,14 257 440<br \/>\n11 Valtteri Toivanen Jamali 11,76 99 95 112 5,58 227 438<br \/>\n12 Jyry Pesonen Meril\u00e4 10,93 145 105 154 3,71 134 433<br \/>\n13 Saku Mikkonen Rantala 11,49 112 95 112 4,82 188 412<br \/>\n14 Teemu Hyttinen Koli 11,7 102 NH 0 7,02 304 406<br \/>\n15 Tuukka Turunen Rantala 11,31 122 85 78 5,15 205 405<br \/>\n16 Sami K\u00e4rkk\u00e4inen Jamali 11,34 120 90 94 4,82 188 402<br \/>\n17 Ossi Keronen Keskuskoulu 11,17 130 75 51 5,40 218 399<br \/>\n18 Niko Nevalainen Rantala 11,57 108 95 112 4,59 177 397<br \/>\n19 Feysal Osman Rantala 12,00 89 90 94 4,94 194 377<br \/>\n20 Niko Oinonen Rantala 11,07 136 90 94 3,75 136 366<br \/>\n21 Leo R\u00e4s\u00e4nen Rantala 11,27 124 75 51 4,54 174 349<br \/>\n22 Joel Honkanen Keskuskoulu 11,65 104 75 51 4,75 185 340<br \/>\n23 Tomas Pyykk\u00f6 Meril\u00e4 12,42 74 85 78 4,26 160 312<br \/>\n24 Riku Saastamoinen Rantala 11,43 115 75 51 3,56 127 293<br \/>\n25 Juho Soikkeli Rantala 11,53 110 NH 0 4,24 159 269<br \/>\n26 Mohammed Hirsi Rantala 11,28 123 75 51 3,92 144 318<br \/>\n27 Akseli Ropponen Rantala 12,05 87 NH 0 4,55 175 262<br \/>\n28 Otto Siponen Jamali 14,07 36 75 51 3,62 130 217<br \/>\n29 Eero K\u00e4rki Jamali 12,34 77 NH 0 3,75 136 213<br \/>\n30 Mohammed Osman Rantala 13,41 48 NH 0 3,52 125 173<br \/>\n31 Aleksi Anttila Koli 14,36 32 NH 0 3,38 118 150<br \/>\n32 Abdiasis Hirsi Rantala DNS 0 DNS 0 1,80 0 DNF<\/p>\n<p>P10 600m<br \/>\n1 Sakariye Huubow Rantala 2.20,54<br \/>\n2 Mohammed Hirsi Rantala 2.22,92<br \/>\n3 Theykwan Ajuk Rantala 2.25,17<br \/>\n4 Aarni Nyblom Jamali 2.25,43<br \/>\n5 Leo R\u00e4s\u00e4nen Rantala 2.27,35<br \/>\n6 Feysal Osman Rantala 2.27,56<br \/>\n7 Tomas Pyykk\u00f6 Meril\u00e4 2.28,63<br \/>\n8 Eetu Behm Rantala 2.30,01<br \/>\n9 Tuukka Turunen Rantala 2.32,51<br \/>\n10 Eetu Vartiainen Keskuskoulu 2.33,59<br \/>\n11 Niko Oinonen Rantala 2.34,75<br \/>\n12 Ossi Keronen Keskuskoulu 2.35,33<br \/>\n13 Niko Nevalainen Rantala 2.36,36<br \/>\n14 Juho Soikkeli Rantala 2.36,37<br \/>\n15 Jesse Silvennoinen Keskuskoulu 2.36,45<br \/>\n16 Miika Palviainen Keskuskoulu 2.36,55<br \/>\n17 Saku Mikkonen Rantala 2.43,74<br \/>\n18 Valtteri Toivanen Jamali 2.45,51<br \/>\n19 Mohammed Osman Rantala 2.48,64<br \/>\n20 Akseli Ropponen Rantala 2.51,80<br \/>\n21 Abdiasis Hirsi Rantala 2.52,79<br \/>\n22 Riku Saastamoinen Rantala 3.25,46<\/p>\n<p>Tyt\u00f6t 12v 3-ottelu<br \/>\n1 Heta Kettunen Meril\u00e4 9,67 268 125 265 6,25 262 795<br \/>\n2 Satu Liimatta Rantala 9,85 245 125 265 6,54 278 788<br \/>\n3 Riina Palviainen Keskuskoulu 10,22 204 120 234 7,44 327 765<br \/>\n4 Milla Martikainen Rantala 10,21 205 115 205 7,80 347 757<br \/>\n5 Paula Teppo Keskuskoulu 10,14 212 110 179 5,79 238 629<br \/>\n6 Lotta Martikainen Meril\u00e4 10,56 173 105 154 6,81 292 619<br \/>\n7 Suvi Ignatius Meril\u00e4 10,78 156 115 205 5,42 219 580<br \/>\n8 Petra Tuunanen Rantala 10,95 144 110 179 5,57 227 550<br \/>\n9 Sanni Taskinen Keskuskoulu 10,80 154 100 132 5,10 202 488<br \/>\n10 Leena Mikkonen Keskuskoulu 10,78 156 100 132 5,04 199 487<br \/>\n11 Alexandra Sapotzkova Keskuskoulu 10,69 162 NH 0 5,71 234 396<br \/>\n12 Siiri Martikainen Jamali 10,83 152 NH 0 4,35 165 317<br \/>\n13 Noomi Nuopponen Koli 12,20 82 NH 0 4,94 194 276<\/p>\n<p>T12 600m<br \/>\n1 Satu Liimatta Rantala 2.01,39<br \/>\n2 Annika Porkka Rantala 2.02,12<br \/>\n3 Salima Mohamed Keskuskoulu 2.03,12<br \/>\n4 Paula Teppo Keskuskoulu 2.14,34<br \/>\n5 Outi K\u00e4rki Keskuskoulu 2.17,97<br \/>\n6 Petra Tuunanen Rantala 2.25,51<br \/>\n7 Siiri Martikainen Jamali 2.28,10<br \/>\n8 Elli Mustonen Koli 2.30,51<br \/>\n9 Mari Tuovinen Keskuskoulu 2.36,78<br \/>\n10 Leena Mikkonen Keskuskoulu 2.35,03<br \/>\n11 Aleksanda Sapotzkova Keskuskoulu 2.42,30<br \/>\n12 Anni Kakkinen Meril\u00e4 2.58,79<\/p>\n<p>Pojat 12v 3-ottelu<br \/>\n1 Ville Heikkinen Jamali 9,79 252 115 205 6,90 297 754<br \/>\n2 Sakke Vallius Keskuskoulu 10,01 226 110 179 5,59 228 633<br \/>\n3 Pekka K\u00e4rkk\u00e4inen Jamali 10,65 166 105 154 6,93 299 619<br \/>\n4 Santeri Schroderus Meril\u00e4 9,83 247 100 132 5,60 228 607<br \/>\n5 Juuso Laine Rantala 10,91 147 110 179 6,52 277 603<br \/>\n6 Niklas K\u00e4rkk\u00e4inen Jamali 11,60 107 115 205 6,75 289 601<br \/>\n7 Rasmus Mikkonen Rantala 10,38 189 110 179 5,68 232 600<br \/>\n8 Atro Kananen Meril\u00e4 10,00 227 100 132 5,71 234 593<br \/>\n8 Arttu Ikonen Keskuskoulu 10,69 162 110 179 6,06 252 593<br \/>\n10 Santeri Pulkkinen Meril\u00e4 10,18 208 100 132 5,44 220 560<br \/>\n11 Rasmus Kuiri Keskuskoulu 10,35 191 95 112 5,56 226 529<br \/>\n12 Eemeli Boren Keskuskoulu 10,75 158 90 94 6,29 264 516<br \/>\n13 Abdi Mahamud Keskuskoulu 10,73 159 95 112 5,72 234 505<br \/>\n14 Vili K\u00e4rki Keskuskoulu 10,75 158 95 112 4,92 193 463<br \/>\n15 Pyry Hiltunen Rantala 10,97 142 105 154 4,21 158 454<br \/>\n16 Toni K\u00e4rkk\u00e4inen Jamali 11,91 93 90 94 4,86 190 377<br \/>\n17 Janne Hyttinen Koli 12,62 68 80 64 5,87 242 374<\/p>\n<p>P12 600m<br \/>\n1 Rasmus Kuiri Keskuskoulu 2.09,38<br \/>\n2 Eemeli Boren Keskuskoulu 2.11,15<br \/>\n3 Santeri Schroderus Meril\u00e4 2.14,04<br \/>\n4 Santeri Pulkkinen Meril\u00e4 2.15,26<br \/>\n5 Rasmus Mikkonen Rantala 2.15,56<br \/>\n6 Mahad Fidhike Rantala 2.20,88<br \/>\n7 Pekka K\u00e4rkk\u00e4inen Jamali 2.21,38<br \/>\n8 Vili K\u00e4rki Keskuskoulu 2.25,28<br \/>\n9 Niklas K\u00e4rkk\u00e4inen Jamali 2.29,02<br \/>\n10 Toni K\u00e4rkk\u00e4inen Jamali 2.41,20<\/p>\n<p>Yl\u00e4aste pojat 100m TUULI: -0,6<br \/>\n1 Aapo Saastamoinen Keskuskoulu 14,08<br \/>\n2 Ari Hukkanen Koli 15,27<br \/>\n3 Toivo Jauhiainen Koli 16,25<br \/>\n4 Aleksi H\u00e4m\u00e4l\u00e4inen Koli 17,15<\/p>\n<p>Yl\u00e4aste pojat 800m<br \/>\n1 Aapo Saastamoinen Keskuskoulu 2.37,15<br \/>\n2 Abdukadir Mohamed Rantala 3.06,42<\/p>\n<p>Yl\u00e4aste tyt\u00f6t 800m<br \/>\n1 Annika Piiparinen Keskuskoulu 2.40,43<\/p>\n<p>Yl\u00e4aste pojat pituus<br \/>\n1 Ari Hukkanen Koli 379 -0,5<\/p>\n<p>Yl\u00e4aste pojat keih\u00e4s<br \/>\n1 Jani Hyttinen Koli 20,54<\/p>\n<p>Yl\u00e4aste tyt\u00f6t 100m TUULI: -0,6<br \/>\n1 Ada Pakarinen Keskuskoulu 14,54<br \/>\n2 Riina Kettunen Keskuskoulu 14,59<\/p>\n<p>Yl\u00e4aste tyt\u00f6t pituus<br \/>\n1 Riina Kettunen Keskuskoulu 464 -0,7<br \/>\n2 Venla Kettunen Keskuskoulu 448 -0,9<br \/>\n3 Ada Pakarinen Keskuskoulu 352 -0,5<\/p>\n<p>Yl\u00e4aste tyt\u00f6t keih\u00e4s<br \/>\n1 Venla Kettunen Keskuskoulu 33,78<br \/>\n2 Minea Suhonen Keskuskoulu 33,02<br \/>\n3 Milja Pesonen Keskuskoulu 32,86<br \/>\n4 Jutta Martikainen Keskuskoulu 28,49<\/p>\n<p>Lukio tyt\u00f6t keih\u00e4s<br \/>\n1 Laura Laakkonen Lukio 31,95<\/p>\n<p>Lukio tyt\u00f6t korkeus<br \/>\n1 Eveliina Ryyn\u00e4nen Lukio 135<\/p>\n<p>RAAPPANAVIESTI<br \/>\n1 MERIL\u00c4 1.11,22<br \/>\nTomas Pyykk\u00f6 Oona Pyykk\u00f6<br \/>\nJyry Pesonen Netta Vallius<br \/>\nSanteri Schroderus Heta Kettunen<br \/>\nSanteri Pulkkinen Lotta Martikainen<br \/>\n2 JAMALI 1.11,96<br \/>\nAarni Nyblom Mimosa Laatikainen<br \/>\nMikko Korhonen Marjo Heikura<br \/>\nToni K\u00e4rkk\u00e4inen Siiri Martikainen<br \/>\nVille Heikkinen\u00a0Inka Pehkonen<br \/>\n3 KESKUSKOULU 1.12,87<br \/>\nRani Lindgren Jemina Holma<br \/>\nHeikki H\u00e4m\u00e4l\u00e4inen Kerttu Vallius<br \/>\nRasmus Kuiri Riina Palviainen<br \/>\nSakke Vallius Salima Mohamed<br \/>\n4 KOLI 1.25,45<br \/>\nTeemu Hyttinen Anniina Jetsonen<br \/>\nAleksi Anttila Iida Tolvanen<br \/>\nSanteri Jetsonen Noomi Nuopponen<br \/>\nKonsta Kaakkunen Elli Mustonen<\/p>\n<p>&nbsp;<\/p>\n","protected":false},"excerpt":{"rendered":"<p>2.9.2014 Lieksa Tyt\u00f6t 10v 3-ottelu 1 Marjo Heikura Jamali 10,38 189 85 78 5,19 207 474 2 Maija Boren Keskuskoulu 10,97 142 100 132 4,82 188 462 3 Pauliina Sarasoja Jamali 11,15 131 100 132 4,58 176 439 4 Mustak Askar Keskuskoulu 12,01 89 85 78 5,36 216 383 5 &hellip;<\/p>\n","protected":false},"author":3,"featured_media":0,"parent":312,"menu_order":10,"comment_status":"closed","ping_status":"closed","template":"","meta":{"footnotes":""},"categories":[14,34,40,38,39,32,31,7,23],"tags":[],"class_list":["post-2611","page","type-page","status-publish","hentry","category-aarninyblom","category-hetakettunen","category-juttamartikainen","category-lottamartikainen","category-maijaboren","category-millamartikainen","category-riinakettunen","category-tulokset","category-venlakettunen"],"_links":{"self":[{"href":"https:\/\/www.lieksanurheilijat.com\/index.php?rest_route=\/wp\/v2\/pages\/2611","targetHints":{"allow":["GET"]}}],"collection":[{"href":"https:\/\/www.lieksanurheilijat.com\/index.php?rest_route=\/wp\/v2\/pages"}],"about":[{"href":"https:\/\/www.lieksanurheilijat.com\/index.php?rest_route=\/wp\/v2\/types\/page"}],"author":[{"embeddable":true,"href":"https:\/\/www.lieksanurheilijat.com\/index.php?rest_route=\/wp\/v2\/users\/3"}],"replies":[{"embeddable":true,"href":"https:\/\/www.lieksanurheilijat.com\/index.php?rest_route=%2Fwp%2Fv2%2Fcomments&post=2611"}],"version-history":[{"count":6,"href":"https:\/\/www.lieksanurheilijat.com\/index.php?rest_route=\/wp\/v2\/pages\/2611\/revisions"}],"predecessor-version":[{"id":2624,"href":"https:\/\/www.lieksanurheilijat.com\/index.php?rest_route=\/wp\/v2\/pages\/2611\/revisions\/2624"}],"up":[{"embeddable":true,"href":"https:\/\/www.lieksanurheilijat.com\/index.php?rest_route=\/wp\/v2\/pages\/312"}],"wp:attachment":[{"href":"https:\/\/www.lieksanurheilijat.com\/index.php?rest_route=%2Fwp%2Fv2%2Fmedia&parent=2611"}],"wp:term":[{"taxonomy":"category","embeddable":true,"href":"https:\/\/www.lieksanurheilijat.com\/index.php?rest_route=%2Fwp%2Fv2%2Fcategories&post=2611"},{"taxonomy":"post_tag","embeddable":true,"href":"https:\/\/www.lieksanurheilijat.com\/index.php?rest_route=%2Fwp%2Fv2%2Ftags&post=2611"}],"curies":[{"name":"wp","href":"https:\/\/api.w.org\/{rel}","templated":true}]}}