{"id":2564,"date":"2014-08-17T22:36:51","date_gmt":"2014-08-17T19:36:51","guid":{"rendered":"https:\/\/www.lieksanurheilijat.com\/?page_id=2564"},"modified":"2014-08-18T14:08:30","modified_gmt":"2014-08-18T11:08:30","slug":"joensuu-junior-games","status":"publish","type":"page","link":"https:\/\/www.lieksanurheilijat.com\/?page_id=2564","title":{"rendered":"Joensuu Junior Games"},"content":{"rendered":"<p>17.8.2014<br \/>\nJoensuu<\/p>\n<p>T15 100m<br \/>\nEr\u00e4 2: Tuuli: +2,6<br \/>\n1. Ellinoora Karvinen SavonlRie 12,79<br \/>\n2. Sandra-Sofia Kosonen SavonlRie 12,96<br \/>\n3. <strong>Silja Kempas LieksU 13,04<\/strong><br \/>\n4. Henni Rinkinen SavonlRie 13,68<br \/>\nKaisa-Liisa Kainulainen JoensKa DNS<br \/>\nPetra-Sofia Laakso SavonlRie DNS<\/p>\n<p>T15 keih\u00e4s<br \/>\n1. Tiia Kauppinen JuvU 37,49<br \/>\n2. <strong>Venla Kettunen LieksU 32,60<\/strong><br \/>\n3. <strong>Minea Suhonen LieksU 32,40<\/strong><br \/>\n4. Aliisa Luukkainen SavonlRie 24,50<\/p>\n<p>T13 60m<br \/>\nEr\u00e4 2: Tuuli: -0,3<br \/>\n1. Milla Pirkkalainen SavonlRie 8,85<br \/>\n2. <strong>Riina Kettunen LieksU 8,96<\/strong><br \/>\n3. Petra Lappalainen JoensKa 8,97<br \/>\n4. Veera Huoman Hein\u00e4vYU 9,03<br \/>\n5. <strong>Ada Pakarinen LieksU 9,13<\/strong><br \/>\n6. Neea K\u00e4yhk\u00f6 SavonlRie 9,36<br \/>\n7. Ella Kainulainen SavonlRie 9,36<br \/>\n8. Liisi Vatanen SavonlRie 9,15<\/p>\n<p>T13 pituus<br \/>\n1. <strong>Riina Kettunen LieksU 438 -0,6<\/strong><br \/>\n2. Neea K\u00e4yhk\u00f6 SavonlRie 417 -2,2<br \/>\n3. Veera Huoman Hein\u00e4vYU 416 -1,8<br \/>\n4. Jenna Riikonen JoensKa 413 -1,6<br \/>\n5. Petra Lappalainen JoensKa 396 -1,6<br \/>\n6. Riina Hassinen Pyh\u00e4sU 394 -1,1<br \/>\n7. Riikka Lonkainen JoensKa 393 -1,0<br \/>\n8. Milla Pirkkalainen SavonlRie 390 -1,4<br \/>\n9. Enni Peltola AnjLi 389 -1,0<br \/>\n10. <strong>Ada Pakarinen LieksU 387 -2,6<\/strong><br \/>\n11. Veera Kontkanen Pyh\u00e4sU 385 -2,0<br \/>\n12. Lumi K\u00e4rkk\u00e4inen JoensKa 373 -0,8<br \/>\n13. Elina Nivaj\u00e4rvi JoensKa 364 -2,1<br \/>\n14. Hanna Toivanen JuuanU 348 -1,2<br \/>\nJenna Kiiskinen JoensKa DNS<\/p>\n<p>T13 kuula<br \/>\n1. <strong>Riina Kettunen LieksU 9,09<\/strong><br \/>\n2. Liisi Vatanen SavonlRie 7,80<br \/>\n3. Hanna Toivanen JuuanU 7,35<br \/>\n4. Neea K\u00e4yhk\u00f6 SavonlRie 7,04<br \/>\n5. Tuuli Kinnunen JoensKa 6,86<br \/>\n6. Enni Peltola AnjLi 6,29<br \/>\nJohanna Varis Pyh\u00e4sU DNS<\/p>\n<p>T11 korkeus<br \/>\n1. <strong>Heta Kettunen LieksU 127<\/strong><br \/>\n2. <strong>Riina Palviainen LieksU 127<\/strong><br \/>\n3. Netta-Noora Lappalainen Pyh\u00e4sU 124<br \/>\n4. Maija Tiainen Pyh\u00e4sU 121<br \/>\n5. Sini Lehikoinen SavonlRie 121<br \/>\n6. Tiia Rantala PolvijU 115<br \/>\n7. Asta Riikonen PolvijU 115<br \/>\n8. Elisa Hilska LappUM 115<br \/>\n9. Erin Kainulainen JuuanU 105<br \/>\n10. Sanni Toivanen SavonlRie 105<br \/>\n11. Marikki Juntunen Pyh\u00e4sU 100<br \/>\n12. Siiri Luostarinen JoensKa 90<\/p>\n<p>T11 keih\u00e4s<br \/>\n1. <strong>Heta Kettunen LieksU 23,46<\/strong><br \/>\n2. Sini Lehikoinen Pyh\u00e4sU 23,19<br \/>\n3. Karla K\u00f6n\u00f6nen Pyh\u00e4sU 19,88<br \/>\n4. Elisa Hilska LappUM 19,47<br \/>\n5. Anni Silvennoinen SavonlRie 19,40<br \/>\n6. Saara Niittym\u00e4ki SavonlRie 18,31<br \/>\n7. Netta-Noora Lappalainen Pyh\u00e4sU 17,82<br \/>\n8. Laura Huoman Hein\u00e4vYU 16,46<br \/>\n9. Sanni Toivanen JuuanU 16,37<br \/>\n10. Maija Tiainen SavonlRie 16,13<\/p>\n","protected":false},"excerpt":{"rendered":"<p>17.8.2014 Joensuu T15 100m Er\u00e4 2: Tuuli: +2,6 1. Ellinoora Karvinen SavonlRie 12,79 2. Sandra-Sofia Kosonen SavonlRie 12,96 3. Silja Kempas LieksU 13,04 4. Henni Rinkinen SavonlRie 13,68 Kaisa-Liisa Kainulainen JoensKa DNS Petra-Sofia Laakso SavonlRie DNS T15 keih\u00e4s 1. Tiia Kauppinen JuvU 37,49 2. Venla Kettunen LieksU 32,60 3. Minea &hellip;<\/p>\n","protected":false},"author":3,"featured_media":0,"parent":312,"menu_order":18,"comment_status":"closed","ping_status":"closed","template":"","meta":{"footnotes":""},"categories":[34,31,26,7,23],"tags":[],"class_list":["post-2564","page","type-page","status-publish","hentry","category-hetakettunen","category-riinakettunen","category-siljakempas","category-tulokset","category-venlakettunen"],"_links":{"self":[{"href":"https:\/\/www.lieksanurheilijat.com\/index.php?rest_route=\/wp\/v2\/pages\/2564","targetHints":{"allow":["GET"]}}],"collection":[{"href":"https:\/\/www.lieksanurheilijat.com\/index.php?rest_route=\/wp\/v2\/pages"}],"about":[{"href":"https:\/\/www.lieksanurheilijat.com\/index.php?rest_route=\/wp\/v2\/types\/page"}],"author":[{"embeddable":true,"href":"https:\/\/www.lieksanurheilijat.com\/index.php?rest_route=\/wp\/v2\/users\/3"}],"replies":[{"embeddable":true,"href":"https:\/\/www.lieksanurheilijat.com\/index.php?rest_route=%2Fwp%2Fv2%2Fcomments&post=2564"}],"version-history":[{"count":1,"href":"https:\/\/www.lieksanurheilijat.com\/index.php?rest_route=\/wp\/v2\/pages\/2564\/revisions"}],"predecessor-version":[{"id":2565,"href":"https:\/\/www.lieksanurheilijat.com\/index.php?rest_route=\/wp\/v2\/pages\/2564\/revisions\/2565"}],"up":[{"embeddable":true,"href":"https:\/\/www.lieksanurheilijat.com\/index.php?rest_route=\/wp\/v2\/pages\/312"}],"wp:attachment":[{"href":"https:\/\/www.lieksanurheilijat.com\/index.php?rest_route=%2Fwp%2Fv2%2Fmedia&parent=2564"}],"wp:term":[{"taxonomy":"category","embeddable":true,"href":"https:\/\/www.lieksanurheilijat.com\/index.php?rest_route=%2Fwp%2Fv2%2Fcategories&post=2564"},{"taxonomy":"post_tag","embeddable":true,"href":"https:\/\/www.lieksanurheilijat.com\/index.php?rest_route=%2Fwp%2Fv2%2Ftags&post=2564"}],"curies":[{"name":"wp","href":"https:\/\/api.w.org\/{rel}","templated":true}]}}