{"id":2560,"date":"2014-08-14T23:02:13","date_gmt":"2014-08-14T20:02:13","guid":{"rendered":"https:\/\/www.lieksanurheilijat.com\/?page_id=2560"},"modified":"2014-08-15T07:05:11","modified_gmt":"2014-08-15T04:05:11","slug":"pohjois-karjalan-vattenfall-seuracupin-2-osakilpailu","status":"publish","type":"page","link":"https:\/\/www.lieksanurheilijat.com\/?page_id=2560","title":{"rendered":"Pohjois-Karjalan Vattenfall-seuracupin 2. osakilpailu"},"content":{"rendered":"<p>14.8.2014<br \/>\nKiihtelysvaara<\/p>\n<p>P11 Korkeus<br \/>\n1. Aaro Nyyss\u00f6nen JoensKa 132<br \/>\n2. Joni Laakkonen Pyh\u00e4sU 125<br \/>\n3. <strong>Aarni Nyblom LieksU 105<\/strong><br \/>\n3. Roope Maaninka Pyh\u00e4sU 105<br \/>\nSamu K\u00e4yhk\u00f6 Pyh\u00e4sU DNS<br \/>\nKilpailun ulkopuolella<br \/>\nSakari Vallius JoensKa 125<br \/>\nMiro Tanninen JoensKa 115<\/p>\n<p>T15 Moukari<br \/>\n1. <strong>Venla Kettunen LieksU 46,07<\/strong><br \/>\n2. Iida Heikkinen OutokPa 44,49<br \/>\n3. <strong>Milja Pesonen LieksU 35,85<\/strong><br \/>\n4. Jenni Nuutinen Pyh\u00e4sU 25,94<br \/>\n5. Nina Mutanen JoensKa 19,61<br \/>\n6. Veera Vastam\u00e4ki JoensKa 18,32<br \/>\nKilpailun ulkopuolella<br \/>\nEssi Tynkkynen JoensKa 17,44<br \/>\nLaura Karjunen Pyh\u00e4sU 31,79<\/p>\n<p>N17 Keih\u00e4s<br \/>\n1. Laura Karjunen Pyh\u00e4sU 31,01<br \/>\nKilpailun ulkopuolella<br \/>\n<strong>Milja Pesonen LieksU 29,52<\/strong><\/p>\n","protected":false},"excerpt":{"rendered":"<p>14.8.2014 Kiihtelysvaara P11 Korkeus 1. Aaro Nyyss\u00f6nen JoensKa 132 2. Joni Laakkonen Pyh\u00e4sU 125 3. Aarni Nyblom LieksU 105 3. Roope Maaninka Pyh\u00e4sU 105 Samu K\u00e4yhk\u00f6 Pyh\u00e4sU DNS Kilpailun ulkopuolella Sakari Vallius JoensKa 125 Miro Tanninen JoensKa 115 T15 Moukari 1. Venla Kettunen LieksU 46,07 2. Iida Heikkinen OutokPa 44,49 &hellip;<\/p>\n","protected":false},"author":3,"featured_media":0,"parent":312,"menu_order":20,"comment_status":"closed","ping_status":"closed","template":"","meta":{"footnotes":""},"categories":[14,7,23],"tags":[],"class_list":["post-2560","page","type-page","status-publish","hentry","category-aarninyblom","category-tulokset","category-venlakettunen"],"_links":{"self":[{"href":"https:\/\/www.lieksanurheilijat.com\/index.php?rest_route=\/wp\/v2\/pages\/2560","targetHints":{"allow":["GET"]}}],"collection":[{"href":"https:\/\/www.lieksanurheilijat.com\/index.php?rest_route=\/wp\/v2\/pages"}],"about":[{"href":"https:\/\/www.lieksanurheilijat.com\/index.php?rest_route=\/wp\/v2\/types\/page"}],"author":[{"embeddable":true,"href":"https:\/\/www.lieksanurheilijat.com\/index.php?rest_route=\/wp\/v2\/users\/3"}],"replies":[{"embeddable":true,"href":"https:\/\/www.lieksanurheilijat.com\/index.php?rest_route=%2Fwp%2Fv2%2Fcomments&post=2560"}],"version-history":[{"count":1,"href":"https:\/\/www.lieksanurheilijat.com\/index.php?rest_route=\/wp\/v2\/pages\/2560\/revisions"}],"predecessor-version":[{"id":2561,"href":"https:\/\/www.lieksanurheilijat.com\/index.php?rest_route=\/wp\/v2\/pages\/2560\/revisions\/2561"}],"up":[{"embeddable":true,"href":"https:\/\/www.lieksanurheilijat.com\/index.php?rest_route=\/wp\/v2\/pages\/312"}],"wp:attachment":[{"href":"https:\/\/www.lieksanurheilijat.com\/index.php?rest_route=%2Fwp%2Fv2%2Fmedia&parent=2560"}],"wp:term":[{"taxonomy":"category","embeddable":true,"href":"https:\/\/www.lieksanurheilijat.com\/index.php?rest_route=%2Fwp%2Fv2%2Fcategories&post=2560"},{"taxonomy":"post_tag","embeddable":true,"href":"https:\/\/www.lieksanurheilijat.com\/index.php?rest_route=%2Fwp%2Fv2%2Ftags&post=2560"}],"curies":[{"name":"wp","href":"https:\/\/api.w.org\/{rel}","templated":true}]}}