{"id":2535,"date":"2014-08-10T18:18:24","date_gmt":"2014-08-10T15:18:24","guid":{"rendered":"https:\/\/www.lieksanurheilijat.com\/?page_id=2535"},"modified":"2014-08-10T18:18:24","modified_gmt":"2014-08-10T15:18:24","slug":"aikuisurheilijoiden-sm-kilpailut-2014","status":"publish","type":"page","link":"https:\/\/www.lieksanurheilijat.com\/?page_id=2535","title":{"rendered":"Aikuisurheilijoiden SM-kilpailut 2014"},"content":{"rendered":"<p>9.-10.8.<br \/>\nJyv\u00e4skyl\u00e4<\/p>\n<p>N50 Keih\u00e4s<br \/>\n1. Heli Herlevi-Malila HKV 36,03<br \/>\n2. <strong>Mervi Tolonen LieksU 32,83<\/strong><br \/>\n3. Sirpa Veps\u00e4l\u00e4inen PieksVei 31,39<br \/>\n4. Kaisa Valtonen ImU 26,52<br \/>\n5. Erja Rinne HKV 20,76<\/p>\n<p>N50 Kuula<br \/>\n1. Jaana Kivist\u00f6 TeuvRi 11,69<br \/>\n2. Mirja Kokko LS35+ 10,25<br \/>\n3. <strong>Mervi Tolonen LieksU 9,20<\/strong><br \/>\n4. Kaisa Valtonen ImU 9,10<br \/>\n5. Iiris S\u00f6derstr\u00f6m AlatPi 8,93<br \/>\n6. Leena Hietanen VSVU 5,84<\/p>\n","protected":false},"excerpt":{"rendered":"<p>9.-10.8. Jyv\u00e4skyl\u00e4 N50 Keih\u00e4s 1. Heli Herlevi-Malila HKV 36,03 2. Mervi Tolonen LieksU 32,83 3. Sirpa Veps\u00e4l\u00e4inen PieksVei 31,39 4. Kaisa Valtonen ImU 26,52 5. Erja Rinne HKV 20,76 N50 Kuula 1. Jaana Kivist\u00f6 TeuvRi 11,69 2. Mirja Kokko LS35+ 10,25 3. Mervi Tolonen LieksU 9,20 4. Kaisa Valtonen ImU &hellip;<\/p>\n","protected":false},"author":3,"featured_media":0,"parent":312,"menu_order":22,"comment_status":"closed","ping_status":"closed","template":"","meta":{"footnotes":""},"categories":[15,7],"tags":[],"class_list":["post-2535","page","type-page","status-publish","hentry","category-mervitolonen","category-tulokset"],"_links":{"self":[{"href":"https:\/\/www.lieksanurheilijat.com\/index.php?rest_route=\/wp\/v2\/pages\/2535","targetHints":{"allow":["GET"]}}],"collection":[{"href":"https:\/\/www.lieksanurheilijat.com\/index.php?rest_route=\/wp\/v2\/pages"}],"about":[{"href":"https:\/\/www.lieksanurheilijat.com\/index.php?rest_route=\/wp\/v2\/types\/page"}],"author":[{"embeddable":true,"href":"https:\/\/www.lieksanurheilijat.com\/index.php?rest_route=\/wp\/v2\/users\/3"}],"replies":[{"embeddable":true,"href":"https:\/\/www.lieksanurheilijat.com\/index.php?rest_route=%2Fwp%2Fv2%2Fcomments&post=2535"}],"version-history":[{"count":1,"href":"https:\/\/www.lieksanurheilijat.com\/index.php?rest_route=\/wp\/v2\/pages\/2535\/revisions"}],"predecessor-version":[{"id":2536,"href":"https:\/\/www.lieksanurheilijat.com\/index.php?rest_route=\/wp\/v2\/pages\/2535\/revisions\/2536"}],"up":[{"embeddable":true,"href":"https:\/\/www.lieksanurheilijat.com\/index.php?rest_route=\/wp\/v2\/pages\/312"}],"wp:attachment":[{"href":"https:\/\/www.lieksanurheilijat.com\/index.php?rest_route=%2Fwp%2Fv2%2Fmedia&parent=2535"}],"wp:term":[{"taxonomy":"category","embeddable":true,"href":"https:\/\/www.lieksanurheilijat.com\/index.php?rest_route=%2Fwp%2Fv2%2Fcategories&post=2535"},{"taxonomy":"post_tag","embeddable":true,"href":"https:\/\/www.lieksanurheilijat.com\/index.php?rest_route=%2Fwp%2Fv2%2Ftags&post=2535"}],"curies":[{"name":"wp","href":"https:\/\/api.w.org\/{rel}","templated":true}]}}