{"id":2521,"date":"2014-08-06T20:26:59","date_gmt":"2014-08-06T17:26:59","guid":{"rendered":"https:\/\/www.lieksanurheilijat.com\/?page_id=2521"},"modified":"2014-08-06T20:26:59","modified_gmt":"2014-08-06T17:26:59","slug":"lieksan-moukarikisa","status":"publish","type":"page","link":"https:\/\/www.lieksanurheilijat.com\/?page_id=2521","title":{"rendered":"Lieksan moukarikisa"},"content":{"rendered":"<p>6.8.2014<br \/>\nLieksa<\/p>\n<p>M45 Moukari<br \/>\n1 Pauli Havukainen JoensKa 32,85<\/p>\n<p>M17 Moukari<br \/>\n1 Kimmo Martikainen LieksU 52,64<\/p>\n<p>T15 Moukari<br \/>\n1 Kiira V\u00e4\u00e4n\u00e4nen VarpVi 63,86<br \/>\n2 Venla Kettunen LieksU 47,85<br \/>\n3 Milja Pesonen LieksU 42,61<br \/>\n4 Jutta Martikainen LieksU 30,31<\/p>\n<p>T13 Moukari<br \/>\n1 Riina Kettunen LieksU 28,50<br \/>\n2 Milla Martikainen LieksU 27,85<br \/>\n3 Lotta Martikainen LieksU 22,65<\/p>\n<p>T11 Moukari<br \/>\n1 Heta Kettunen LieksU 21,99<br \/>\n2 Riina Palviainen LieksU 21,29<\/p>\n","protected":false},"excerpt":{"rendered":"<p>6.8.2014 Lieksa M45 Moukari 1 Pauli Havukainen JoensKa 32,85 M17 Moukari 1 Kimmo Martikainen LieksU 52,64 T15 Moukari 1 Kiira V\u00e4\u00e4n\u00e4nen VarpVi 63,86 2 Venla Kettunen LieksU 47,85 3 Milja Pesonen LieksU 42,61 4 Jutta Martikainen LieksU 30,31 T13 Moukari 1 Riina Kettunen LieksU 28,50 2 Milla Martikainen LieksU 27,85 &hellip;<\/p>\n","protected":false},"author":3,"featured_media":0,"parent":312,"menu_order":24,"comment_status":"closed","ping_status":"closed","template":"","meta":{"footnotes":""},"categories":[34,32,31,7,23],"tags":[],"class_list":["post-2521","page","type-page","status-publish","hentry","category-hetakettunen","category-millamartikainen","category-riinakettunen","category-tulokset","category-venlakettunen"],"_links":{"self":[{"href":"https:\/\/www.lieksanurheilijat.com\/index.php?rest_route=\/wp\/v2\/pages\/2521","targetHints":{"allow":["GET"]}}],"collection":[{"href":"https:\/\/www.lieksanurheilijat.com\/index.php?rest_route=\/wp\/v2\/pages"}],"about":[{"href":"https:\/\/www.lieksanurheilijat.com\/index.php?rest_route=\/wp\/v2\/types\/page"}],"author":[{"embeddable":true,"href":"https:\/\/www.lieksanurheilijat.com\/index.php?rest_route=\/wp\/v2\/users\/3"}],"replies":[{"embeddable":true,"href":"https:\/\/www.lieksanurheilijat.com\/index.php?rest_route=%2Fwp%2Fv2%2Fcomments&post=2521"}],"version-history":[{"count":1,"href":"https:\/\/www.lieksanurheilijat.com\/index.php?rest_route=\/wp\/v2\/pages\/2521\/revisions"}],"predecessor-version":[{"id":2522,"href":"https:\/\/www.lieksanurheilijat.com\/index.php?rest_route=\/wp\/v2\/pages\/2521\/revisions\/2522"}],"up":[{"embeddable":true,"href":"https:\/\/www.lieksanurheilijat.com\/index.php?rest_route=\/wp\/v2\/pages\/312"}],"wp:attachment":[{"href":"https:\/\/www.lieksanurheilijat.com\/index.php?rest_route=%2Fwp%2Fv2%2Fmedia&parent=2521"}],"wp:term":[{"taxonomy":"category","embeddable":true,"href":"https:\/\/www.lieksanurheilijat.com\/index.php?rest_route=%2Fwp%2Fv2%2Fcategories&post=2521"},{"taxonomy":"post_tag","embeddable":true,"href":"https:\/\/www.lieksanurheilijat.com\/index.php?rest_route=%2Fwp%2Fv2%2Ftags&post=2521"}],"curies":[{"name":"wp","href":"https:\/\/api.w.org\/{rel}","templated":true}]}}