{"id":2470,"date":"2014-07-27T16:49:30","date_gmt":"2014-07-27T13:49:30","guid":{"rendered":"https:\/\/www.lieksanurheilijat.com\/?page_id=2470"},"modified":"2014-07-31T11:15:43","modified_gmt":"2014-07-31T08:15:43","slug":"pohjois-karjalan-etela-ja-pohjois-savon-17-19-v-aluemestaruuskilpailut-2-paiva","status":"publish","type":"page","link":"https:\/\/www.lieksanurheilijat.com\/?page_id=2470","title":{"rendered":"Pohjois-Karjalan, Etel\u00e4- ja Pohjois-Savon 17-19-v. aluemestaruuskilpailut 2. p\u00e4iv\u00e4"},"content":{"rendered":"<p>27.7.2014<br \/>\nLieksa<\/p>\n<p>M19 200m TUULI: -3,2<br \/>\n1 Teemu Keronen Oravisalon Urheilijat 23,49<br \/>\n2 Kari Paakkunainen Joensuun Kataja 24,86<br \/>\nMatti Keronen Oravisalon Urheilijat 25,39 UP<br \/>\nLauri Hietaharju Saarij\u00e4rven Pullistus DNS UP<br \/>\nJuho Pirskanen Kuopion Reipas DNS<br \/>\nTeemu Kejonen Oravisalon Urheilijat DNS UP<\/p>\n<p>M19 800m<br \/>\n213 Lauri Hietaharju Saarij\u00e4rven Pullistus DNS UP<\/p>\n<p>M19 5000m<br \/>\n1 Lauri Mielonen Kuopion Reipas 18.37,20<\/p>\n<p>M19 400m aj<br \/>\n1 Kari Paakkunainen Joensuun Kataja 1.00,88<br \/>\nMatti Keronen Oravisalon Urheilijat 1.03,56 UP<\/p>\n<p>M19 korkeus<br \/>\n1 Alexei K\u00e4rkk\u00e4inen Pyh\u00e4sel\u00e4n Urheilijat 195<\/p>\n<p>M19 3-loikka<br \/>\n1 Riku Rundelin Varkauden Kentt\u00e4-Veikot 13,78 +1,2<\/p>\n<p>M19 kuula<br \/>\nLauri Lindqvist Siilinj\u00e4rven Ponnistus 14,39 UP<\/p>\n<p>M17 200m alkuer\u00e4t<br \/>\nEr\u00e4 1 TUULI: -1,4<br \/>\n1 Santeri Vehvil\u00e4inen Kuopion Reipas 24,71<br \/>\n2 Tatu Rundelin Varkauden Kentt\u00e4-Veikot 25,25<br \/>\n3 Juuso V\u00e4lipakka Kuopion Reipas 25,51<br \/>\n4 Ville Hyttinen Kuopion Reipas 27,64<br \/>\nViljami Hietaharju Jyv\u00e4skyl\u00e4n Kentt\u00e4urheilijat DNS<\/p>\n<p>Er\u00e4 2 TUULI: -1,9<br \/>\n1 Joona V\u00e4lipakka Kuopion Reipas 24,58<br \/>\n2 Aatu M\u00e4kel\u00e4 Pyh\u00e4sel\u00e4n Urheilijat 24,84<br \/>\n3 Aleksi Sairanen Kerim\u00e4en Urheilijat 25,38<br \/>\n4 Elmo Vesterinen Pyh\u00e4sel\u00e4n Urheilijat 26,47<br \/>\n5 Eetu Kumpulainen Kuopion Reipas 27,17<\/p>\n<p>M17 200m loppukilpailu TUULI: -0,6<br \/>\n1 Santeri Vehvil\u00e4inen Kuopion Reipas 23,74<br \/>\n2 Aatu M\u00e4kel\u00e4 Pyh\u00e4sel\u00e4n Urheilijat 24,58<br \/>\n3 Joona V\u00e4lipakka Kuopion Reipas 24,92<br \/>\n4 Tatu Rundelin Varkauden Kentt\u00e4-Veikot 25,19<br \/>\n5 Aleksi Sairanen Kerim\u00e4en Urheilijat 25,29<br \/>\nJuuso V\u00e4lipakka Kuopion Reipas DNS<\/p>\n<p>M17 800m<br \/>\n1 Aarne Hakala Pyh\u00e4sel\u00e4n Urheilijat 2.24,37<br \/>\n2 Jesse Piiroinen Pyh\u00e4sel\u00e4n Urheilijat 2.28,59<br \/>\n3 Mika Kotiranta Joensuun Kataja 2.30,89<br \/>\nSamuel Auvinen Joensuun Kataja DNS<br \/>\nKonsta H\u00e4m\u00e4l\u00e4inen Sulkavan Urheilijat -41 DNS<br \/>\nJuuso Kolari Varkauden Kentt\u00e4-Veikot DNS<\/p>\n<p>M17 3000m<br \/>\n1 Joonas Pyyk\u00f6nen Valtimon Vasama 10.34,04<\/p>\n<p>M17 seiv\u00e4s<br \/>\n1 Tomi Koponen Maaningan Mahti 280<br \/>\n2 Juuso V\u00e4lipakka Kuopion Reipas 260<br \/>\nJoona V\u00e4lipakka Kuopion Reipas NH<\/p>\n<p>M17 pituus<br \/>\n1 Joona V\u00e4lipakka Kuopion Reipas 637 +0,7<br \/>\n2 Juuso V\u00e4lipakka Kuopion Reipas 599 +1,4<br \/>\n3 Santeri Vehvil\u00e4inen Kuopion Reipas 598 +0,3<br \/>\n4 Tomi Koponen Maaningan Mahti 564 +3,4<br \/>\n5 Aleksi Sairanen Kerim\u00e4en Urheilijat 562 +1,9<br \/>\n6 Tatu Rundelin Varkauden Kentt\u00e4-Veikot 549 +1,5<br \/>\n7 Jesse Piiroinen Pyh\u00e4sel\u00e4n Urheilijat 431 +1,3<\/p>\n<p>M17 moukari<br \/>\n1 Niko Partanen Sulkavan Urheilijat -41 67,76<br \/>\n2 Panu Tirkkonen Keiteleen Kunto 53,71<br \/>\n3 Kimmo Martikainen Lieksan Urheilijat 52,65<\/p>\n<p>M17 keih\u00e4s<br \/>\n1 Patrik Torn Pyh\u00e4sel\u00e4n Urheilijat 70,90<br \/>\n2 Miika H\u00f6ls\u00e4 Sulkavan Urheilijat-41 68,60<br \/>\n3 Arttu Kek\u00e4l\u00e4inen Kuopion Reipas 62,61<br \/>\n4 Joona V\u00e4lipakka Kuopion Reipas 52,88<br \/>\n5 Santeri Vehvil\u00e4inen Kuopion Reipas 50,31<br \/>\nOtto Kek\u00e4l\u00e4inen Kuopion Reipas DNS<br \/>\nPanu Auvinen Juvan Urheilijat DNS<\/p>\n<p>N19 200m TUULI: -1,2<br \/>\n1 Susan V\u00e4is\u00e4nen Varpaisj\u00e4rven Vire 28,49<br \/>\n2 Eveliina Koskinen Varkauden Kentt\u00e4-Veikot 29,45<br \/>\nMaarit Kiiskinen Lieksan Urheilijat 27,67 UP<br \/>\nKirsi Pekkanen Kuopion Reipas DNS<br \/>\nHertta Heikkinen Lieksan Urheilijat DNS UP<\/p>\n<p>N19 400m aj<br \/>\nKirsi Pekkanen Kuopion Reipas DNS<\/p>\n<p>N19 3-loikka<br \/>\n1 Johanna Hokkanen Kangasniemen Kalske 11,25 +1,0<br \/>\n2 Niina Kettunen Joensuun Kataja 11,09 +1,2<br \/>\n3 Iida Kokko Joensuun Kataja 10,61 +0,8<\/p>\n<p>N19 kiekko<br \/>\n1 Tiia Tirkkonen Keiteleen Kunto 37,20<\/p>\n<p>N19 kuula<br \/>\n1 Tiia Tirkkonen Keiteleen Kunto 10,44<br \/>\nEveliina Rouvali Kuopion Reipas 13,40 UP<\/p>\n<p>N17 200m alkuer\u00e4t<br \/>\nEr\u00e4 1: TUULI: -2,0<br \/>\n1 Essi V\u00e4\u00e4n\u00e4nen Kuopion Reipas 27,20<br \/>\n2 Laura Risto Kuopion Reipas 28,87<br \/>\n3 Kaisa-Liisa Kainulainen Joensuun Kataja 28,97<br \/>\n4 Vuokko Ukkonen Pyh\u00e4sel\u00e4n Urheilijat 29,45<br \/>\nMette Lukin Kuopion Reipas DNS<\/p>\n<p>Er\u00e4 2: TUULI: -1,3<br \/>\n1 Silja Kempas Lieksan Urheilijat 27,80<br \/>\n2 Eveliina Kumpulainen Kuopion Reipas 28,02<br \/>\n3 Juulia Julkunen Kuopion Reipas 29,40<br \/>\n4 Meri Kiiskinen Kuopion Reipas 29,61<br \/>\n5 Niina Asikainen Juankosken Kuohu 30,31<br \/>\n6 Vilja Hautamaa Varkauden Kentt\u00e4-Veikot 31,61<\/p>\n<p>Loppukilpailu TUULI: -1,1<br \/>\n1 Essi V\u00e4\u00e4n\u00e4nen Kuopion Reipas 26,80<br \/>\n2 Silja Kempas Lieksan Urheilijat 27,32<br \/>\n3 Eveliina Kumpulainen Kuopion Reipas 27,93<br \/>\n4 Kaisa-Liisa Kainulainen Joensuun Kataja 28,86<br \/>\n5 Juulia Julkunen Kuopion Reipas 29,24<br \/>\nLaura Risto Kuopion Reipas DNS<\/p>\n<p>N17 800m<br \/>\n1 Aida-Linnea Kukila Juankosken Kuohu 2.29,44<br \/>\n2 Miida-Tuulia Kukila Juankosken Kuohu 2.30,03<br \/>\n3 Laura Decrette Kuopion Reipas 2.34,07<br \/>\n4 Elli Hiltunen Varkauden Kentt\u00e4-Veikot 2.39,53<br \/>\n5 Annika Piiparinen Lieksan Urheilijat 2.40,75<br \/>\n6 Tanja Ryyn\u00e4nen Lieksan Urheilijat 2.41,47<br \/>\n7 Veera Kontkanen Pyh\u00e4sel\u00e4n Urheilijat 2.42,71<br \/>\nRiikka Lonkainen Joensuun Kataja DNS<\/p>\n<p>N17 3000m<br \/>\n1 Eveliina Huttunen Savonlinnan Riento 12.03,65<\/p>\n<p>N17 seiv\u00e4s<br \/>\n1 Laura Ollikainen Varkauden Kentt\u00e4-Veikot 350<br \/>\n2 Saara Torpakko Kerim\u00e4en Urheilijat 220<br \/>\n3 Riina Palviainen Lieksan Urheilijat 220<br \/>\n4 Tanja Ryyn\u00e4nen Lieksan Urheilijat 210<\/p>\n<p>N17 pituus<br \/>\n1 Anni Kaukola Kuopion Reipas 498 +3,7<br \/>\n2 Isla Hahl Kuopion Reipas 480 +2,3<br \/>\n3 Elli Hiltunen Varkauden Kentt\u00e4-Veikot 477 +3,4<br \/>\n4 Laura Risto Kuopion Reipas 471 +1,8<br \/>\n5 Netta Karvinen Kerim\u00e4en Urheilijat 468 +2,6<br \/>\n6 Niina Asikainen Juankosken Kuohu 464 +3,0<br \/>\n7 Roosa V\u00e4\u00e4n\u00e4nen Varpaisj\u00e4rven Vire 455 +0,3<br \/>\n7 Meri Kiiskinen Kuopion Reipas 446 +2,7<br \/>\n9 Ilona Ik\u00e4heimo Kuopion Reipas 445 +1,7<br \/>\n10 Juulia Julkunen Kuopion Reipas 440 +1,7<br \/>\n11 Saara Torpakko Kerim\u00e4en Urheilijat 432 +2,0<br \/>\n12 Vilja Hautamaa Varkauden Kentt\u00e4-Veikot 418 +1,8<br \/>\n13 Essi Tynkkynen Joensuun Kataja 407 1,5<br \/>\nEveliina Kumpulainen Kuopion Reipas DNS<br \/>\nMette Lukin Kuopion Reipas DNS<\/p>\n<p>N17 moukari<br \/>\n1 Kiira V\u00e4\u00e4n\u00e4nen Varpaisj\u00e4rven Vire 62,34<br \/>\n2 Venla Kettunen Lieksan Urheilijat 48,19<br \/>\n3 Lotta Koponen Maaningan Mahti 44,04<br \/>\n4 Milja Pesonen Lieksan Urheilijat 43,00<br \/>\n5 Krista Varis Pyh\u00e4sel\u00e4n Urheilijat 41,71<br \/>\n6 Jutta Martikainen Lieksan Urheilijat 30,17<br \/>\n7 Essi Tynkkynen Joensuun Kataja 22,75<br \/>\nEmilia Olkkonen Ristiinan Urheilijat DNS<\/p>\n<p>N17 keih\u00e4s<br \/>\n1 Netta Karvinen Kerim\u00e4en Urheilijat 38,50<br \/>\n2 Milja Pesonen Lieksan Urheilijat 33,15<br \/>\n3 Laura Ollikainen Varkauden Kentt\u00e4-Veikot 32,99<br \/>\n4 Saara Torpakko Kerim\u00e4en Urheilijat 30,68<br \/>\n5 Niina Asikainen Juankosken Kuohu 30,52<br \/>\n6 Roosa V\u00e4\u00e4n\u00e4nen Varpaisj\u00e4rven Vire 24,78<br \/>\n7 Ilona Ik\u00e4heimo Kuopion Reipas 24,61<\/p>\n","protected":false},"excerpt":{"rendered":"<p>27.7.2014 Lieksa M19 200m TUULI: -3,2 1 Teemu Keronen Oravisalon Urheilijat 23,49 2 Kari Paakkunainen Joensuun Kataja 24,86 Matti Keronen Oravisalon Urheilijat 25,39 UP Lauri Hietaharju Saarij\u00e4rven Pullistus DNS UP Juho Pirskanen Kuopion Reipas DNS Teemu Kejonen Oravisalon Urheilijat DNS UP M19 800m 213 Lauri Hietaharju Saarij\u00e4rven Pullistus DNS UP &hellip;<\/p>\n","protected":false},"author":3,"featured_media":0,"parent":312,"menu_order":29,"comment_status":"closed","ping_status":"closed","template":"","meta":{"footnotes":""},"categories":[26,7,23],"tags":[],"class_list":["post-2470","page","type-page","status-publish","hentry","category-siljakempas","category-tulokset","category-venlakettunen"],"_links":{"self":[{"href":"https:\/\/www.lieksanurheilijat.com\/index.php?rest_route=\/wp\/v2\/pages\/2470","targetHints":{"allow":["GET"]}}],"collection":[{"href":"https:\/\/www.lieksanurheilijat.com\/index.php?rest_route=\/wp\/v2\/pages"}],"about":[{"href":"https:\/\/www.lieksanurheilijat.com\/index.php?rest_route=\/wp\/v2\/types\/page"}],"author":[{"embeddable":true,"href":"https:\/\/www.lieksanurheilijat.com\/index.php?rest_route=\/wp\/v2\/users\/3"}],"replies":[{"embeddable":true,"href":"https:\/\/www.lieksanurheilijat.com\/index.php?rest_route=%2Fwp%2Fv2%2Fcomments&post=2470"}],"version-history":[{"count":3,"href":"https:\/\/www.lieksanurheilijat.com\/index.php?rest_route=\/wp\/v2\/pages\/2470\/revisions"}],"predecessor-version":[{"id":2488,"href":"https:\/\/www.lieksanurheilijat.com\/index.php?rest_route=\/wp\/v2\/pages\/2470\/revisions\/2488"}],"up":[{"embeddable":true,"href":"https:\/\/www.lieksanurheilijat.com\/index.php?rest_route=\/wp\/v2\/pages\/312"}],"wp:attachment":[{"href":"https:\/\/www.lieksanurheilijat.com\/index.php?rest_route=%2Fwp%2Fv2%2Fmedia&parent=2470"}],"wp:term":[{"taxonomy":"category","embeddable":true,"href":"https:\/\/www.lieksanurheilijat.com\/index.php?rest_route=%2Fwp%2Fv2%2Fcategories&post=2470"},{"taxonomy":"post_tag","embeddable":true,"href":"https:\/\/www.lieksanurheilijat.com\/index.php?rest_route=%2Fwp%2Fv2%2Ftags&post=2470"}],"curies":[{"name":"wp","href":"https:\/\/api.w.org\/{rel}","templated":true}]}}