{"id":2399,"date":"2014-07-16T22:14:25","date_gmt":"2014-07-16T19:14:25","guid":{"rendered":"https:\/\/www.lieksanurheilijat.com\/?page_id=2399"},"modified":"2014-08-07T17:53:59","modified_gmt":"2014-08-07T14:53:59","slug":"tahtikisat-45","status":"publish","type":"page","link":"https:\/\/www.lieksanurheilijat.com\/?page_id=2399","title":{"rendered":"T\u00e4htikisat 4\/5"},"content":{"rendered":"<p>16.7.2014<br \/>\nLieksa<\/p>\n<p>P14 800m<br \/>\n1 Eelisa Hakala Pyh\u00e4sel\u00e4n Urheilijat 2.30,71 B<br \/>\nP10 Seiv\u00e4s<br \/>\n1 Jyry Pesonen Lieksan Urheilijat 150 C<br \/>\nP10 Kiekko<br \/>\n1 Jyry Pesonen Lieksan Urheilijat 14,08 C<br \/>\nP10 1000m<br \/>\n1 Jyry Pesonen Lieksan Urheilijat 5.08,61<br \/>\nP09 Seiv\u00e4s<br \/>\n1 Aarni Nyblom Lieksan Urheilijat 140<br \/>\n2 Miika Palviainen Lieksan Urheilijat 120<br \/>\nP09 Pituus<br \/>\n1 Aarni Nyblom Lieksan Urheilijat 341 C<br \/>\n2 Niko Nevalainen Lieksan Urheilijat 292<br \/>\n3 Miika Palviainen Lieksan Urheilijat 287<br \/>\n4 Niko Oinonen Lieksan Urheilijat 259<br \/>\nP09 Kiekko<br \/>\n1 Miika Palviainen Lieksan Urheilijat 14,43 C<br \/>\n2 Aarni Nyblom Lieksan Urheilijat 13,56 C<br \/>\n3 Niko Nevalainen Lieksan Urheilijat 11,91 C<br \/>\n4 Niko Oinonen Lieksan Urheilijat 8,49<br \/>\nP09 1000m<br \/>\n1 Aarni Nyblom Lieksan Urheilijat 4.25,20<br \/>\n2 Niko Nevalainen Lieksan Urheilijat 4.31,06<br \/>\n3 Miika Palviainen Lieksan Urheilijat 4.45,66<br \/>\n4 Niko Oinonen Lieksan Urheilijat 4.55,75<br \/>\nP08 Pituus<br \/>\n1 Kalle Boren Lieksan Urheilijat 220<br \/>\nP08 Kiekko<br \/>\n1 Kalle Boren Lieksan Urheilijat 6,83<br \/>\nP08 150m<br \/>\n1 Kalle Boren Lieksan Urheilijat 31,32<br \/>\nP07 Pituus<br \/>\n1 Touko Nyblom Lieksan Urheilijat 262<br \/>\n2 Martti Saraniemi Lieksan Urheilijat 224<br \/>\nP07 Kumikiekko<br \/>\n1 Touko Nyblom Lieksan Urheilijat 12,78 C<br \/>\n2 Martti Saraniemi Lieksan Urheilijat 7,24<br \/>\nP07 150m<br \/>\n1 Touko Nyblom Lieksan Urheilijat 34,27<br \/>\n2 Martti Saraniemi Lieksan Urheilijat 35,03<br \/>\nP06 Pituus<br \/>\n1 Eetu Leivo Lieksan Urheilijat 166<br \/>\n2 Niko Pulkkinen Lieksan Urheilijat 154<br \/>\n3 Ahti Boren Lieksan Urheilijat 138<br \/>\nP06 Kumikiekko<br \/>\n1 Niko Pulkkinen Lieksan Urheilijat 10,06<br \/>\n2 Ahti Boren Lieksan Urheilijat 8,96<br \/>\n3 Eetu Leivo Lieksan Urheilijat 8,38<br \/>\nP06 150m<br \/>\n1 Ahti Boren Lieksan Urheilijat 38,85<br \/>\n2 Eetu Leivo Lieksan Urheilijat 39,66<br \/>\n3 Niko Pulkkinen Lieksan Urheilijat 46,86<br \/>\nP05 Pituus<br \/>\n1 Eppu Ahvenainen Lieksan Urheilijat 152<br \/>\n2 Onni Sainio Lieksan Urheilijat 151<br \/>\n3 Jimi Ahvenainen Lieksan Urheilijat 136<br \/>\n4 Topi Muikku Lieksan Urheilijat 112<br \/>\nP05 Kumikiekko<br \/>\n1 Eppu Ahvenainen Lieksan Urheilijat 6,75<br \/>\n2 Onni Sainio Lieksan Urheilijat 6,60<br \/>\n3 Topi Muikku Lieksan Urheilijat 5,48<br \/>\n4 Jimi Ahvenainen Lieksan Urheilijat 4,44<br \/>\nP05 150m<br \/>\n1 Eppu Ahvenainen Lieksan Urheilijat 43,57<br \/>\n2 Jimi Ahvenainen Lieksan Urheilijat 48,54<br \/>\n3 Topi Muikku Lieksan Urheilijat 49,70<br \/>\n4 Onni Sainio Lieksan Urheilijat 51,48<br \/>\nN Korkeus<br \/>\n1 Hertta Heikkinen Lieksan Urheilijat 166<br \/>\nN 800m<br \/>\n1 Hertta Heikkinen Lieksan Urheilijat 2.32,00<br \/>\nN17 Korkeus<br \/>\n1 Moona Kokkonen Lieksan Urheilijat 166<br \/>\nT15 Kiekko<br \/>\n1 Venla Kettunen Lieksan Urheilijat 33,51 A<br \/>\n2 Jutta Martikainen Lieksan Urheilijat 25,54 B<br \/>\nT15 800m<br \/>\n1 Annika Piiparinen Lieksan Urheilijat 2.36,13 B<br \/>\nT13 Kiekko<br \/>\n1 Riina Kettunen Lieksan Urheilijat 21,63 C<br \/>\n2 Tanja Ryyn\u00e4nen Lieksan Urheilijat 20,13 C<br \/>\nT13 1000m<br \/>\n1 Tanja Ryyn\u00e4nen Lieksan Urheilijat 3.40,90 B<br \/>\nT13 Seiv\u00e4s<br \/>\n1 Tanja Ryyn\u00e4nen Lieksan Urheilijat 215 A<br \/>\nT12 Kiekko<br \/>\n1 Lotta Martikainen Lieksan Urheilijat 21,06 B<br \/>\n2 Milla Martikainen Lieksan Urheilijat 18,14 C<br \/>\nT12 1000m<br \/>\n1 Annika Porkka Lieksan Urheilijat 3.57,13 C<br \/>\nT12 Seiv\u00e4s<br \/>\n1 Milla Martikainen Lieksan Urheilijat 200 A<br \/>\nT11 Kiekko<br \/>\n1 Riina Palviainen Lieksan Urheilijat 24,34 A<br \/>\n2 Heta Kettunen Lieksan Urheilijat 16,41 B<br \/>\nT11 1000m<br \/>\n1 Heta Kettunen Lieksan Urheilijat 3.53,69 C<br \/>\n2 Riina Palviainen Lieksan Urheilijat 4.16,63<br \/>\nT11 Seiv\u00e4s<br \/>\n1 Riina Palviainen Lieksan Urheilijat 225 A<br \/>\n2 Heta Kettunen Lieksan Urheilijat 160 A<br \/>\nT10 1000m<br \/>\n1 Maija Boren Lieksan Urheilijat 4.04,39 C<br \/>\nT10 Seiv\u00e4s<br \/>\n1 Maija Boren Lieksan Urheilijat 155 A<br \/>\nT09 1000m<br \/>\n1 Aino Pyykk\u00f6 Lieksan Urheilijat 5.04,14<br \/>\n2 Tuuli Saraniemi Lieksan Urheilijat 5.50,95<br \/>\n3 Luna Niittym\u00e4ki Turku 5.52,82<br \/>\nT09 Kiekko<br \/>\n1 Luna Niittym\u00e4ki Turku 9,07 C<br \/>\n2 Tuuli Saraniemi Lieksan Urheilijat 8,25<br \/>\n3 Aino Pyykk\u00f6 Lieksan Urheilijat 6,57<br \/>\nT09 Pituus<br \/>\n1 Luna Niittym\u00e4ki Lieksan Urheilijat 263<br \/>\n2 Aino Pyykk\u00f6 Lieksan Urheilijat 256<br \/>\n3 Tuuli Saraniemi Lieksan Urheilijat 238<br \/>\nT08 150m<br \/>\n1 Elmiina Siikala Espoon Tapiot 28,50<br \/>\n2 Saara Leivo Lieksan Urheilijat 33,07<br \/>\n3 Suvi Lampinen Lieksan Urheilijat 33,56<br \/>\n4 Netta Martikainen Lieksan Urheilijat 36,86<br \/>\nT08 Kiekko<br \/>\n1 Elmiina Siikala Espoon Tapiot 8,85 C<br \/>\n2 Netta Martikainen Lieksan Urheilijat 6,82<br \/>\n3 Suvi Lampinen Lieksan Urheilijat 5,43<br \/>\n4 Saara Leivo Lieksan Urheilijat 4,56<br \/>\nT08 Pituus<br \/>\n1 Elmiina Siikala Espoon Tapiot 287<br \/>\n2 Saara Leivo Lieksan Urheilijat 234<br \/>\n3 Suvi Lampinen Lieksan Urheilijat 200<br \/>\n4 Netta Martikainen Lieksan Urheilijat 198<br \/>\nT07 Pituus<br \/>\n1 Neelia Siikala Espoon Tapiot 250<br \/>\n2 Netta Oinonen Lieksan Urheilijat 188<br \/>\n3 Neea Solehmainen Lieksan Urheilijat 183<br \/>\n4 Noora Sainio Lieksan Urheilijat 151<br \/>\nT07 150m<br \/>\n1 Neelia Siikala Espoon Tapiot 32,43<br \/>\n2 Netta Oinonen Lieksan Urheilijat 37,80<br \/>\n3 Noora Sainio Lieksan Urheilijat 38,47<br \/>\n4 Neea Solehmainen Lieksan Urheilijat 39,52<br \/>\nT07 Kumikiekko<br \/>\n1 Neelia Siikala Espoon Tapiot 10,45 C<br \/>\n2 Noora Sainio Lieksan Urheilijat 4,91<br \/>\n3 Kiia Lampinen Lieksan Urheilijat 3,86<br \/>\n4 Netta Oinonen Lieksan Urheilijat 2,66<br \/>\nT06 Pituus<br \/>\n1 Titta Martikainen Lieksan Urheilijat 140<br \/>\nT06 150m<br \/>\n1 Titta Martikainen Lieksan Urheilijat 47,61<br \/>\nT06 Kumikiekko<br \/>\n1 Titta Martikainen Lieksan Urheilijat 8,55 C<br \/>\nT05 Pituus<br \/>\n1 Maiju Saraniemi Lieksan Urheilijat 151<br \/>\nT05 150m<br \/>\n1 Maiju Saraniemi Lieksan Urheilijat 44,52<br \/>\nT05 Kumikiekko<br \/>\n1 Maiju Saraniemi Lieksan Urheilijat 5,23<br \/>\nT04 Pituus<br \/>\n1 Mette Nylander Lieksan Urheilijat 141<br \/>\nT04 150m<br \/>\n1 Mette Nylander Lieksan Urheilijat 1.08,63<br \/>\nT03 150m<br \/>\n1 Elina Muikku Lieksan Urheilijat 1.34,72<br \/>\nT03 Kiekko<br \/>\n1 Elina Muikku Lieksan Urheilijat 2,73<\/p>\n","protected":false},"excerpt":{"rendered":"<p>16.7.2014 Lieksa P14 800m 1 Eelisa Hakala Pyh\u00e4sel\u00e4n Urheilijat 2.30,71 B P10 Seiv\u00e4s 1 Jyry Pesonen Lieksan Urheilijat 150 C P10 Kiekko 1 Jyry Pesonen Lieksan Urheilijat 14,08 C P10 1000m 1 Jyry Pesonen Lieksan Urheilijat 5.08,61 P09 Seiv\u00e4s 1 Aarni Nyblom Lieksan Urheilijat 140 2 Miika Palviainen Lieksan Urheilijat &hellip;<\/p>\n","protected":false},"author":3,"featured_media":0,"parent":312,"menu_order":34,"comment_status":"closed","ping_status":"closed","template":"","meta":{"footnotes":""},"categories":[14,34,32,31,7,23],"tags":[],"class_list":["post-2399","page","type-page","status-publish","hentry","category-aarninyblom","category-hetakettunen","category-millamartikainen","category-riinakettunen","category-tulokset","category-venlakettunen"],"_links":{"self":[{"href":"https:\/\/www.lieksanurheilijat.com\/index.php?rest_route=\/wp\/v2\/pages\/2399","targetHints":{"allow":["GET"]}}],"collection":[{"href":"https:\/\/www.lieksanurheilijat.com\/index.php?rest_route=\/wp\/v2\/pages"}],"about":[{"href":"https:\/\/www.lieksanurheilijat.com\/index.php?rest_route=\/wp\/v2\/types\/page"}],"author":[{"embeddable":true,"href":"https:\/\/www.lieksanurheilijat.com\/index.php?rest_route=\/wp\/v2\/users\/3"}],"replies":[{"embeddable":true,"href":"https:\/\/www.lieksanurheilijat.com\/index.php?rest_route=%2Fwp%2Fv2%2Fcomments&post=2399"}],"version-history":[{"count":3,"href":"https:\/\/www.lieksanurheilijat.com\/index.php?rest_route=\/wp\/v2\/pages\/2399\/revisions"}],"predecessor-version":[{"id":2525,"href":"https:\/\/www.lieksanurheilijat.com\/index.php?rest_route=\/wp\/v2\/pages\/2399\/revisions\/2525"}],"up":[{"embeddable":true,"href":"https:\/\/www.lieksanurheilijat.com\/index.php?rest_route=\/wp\/v2\/pages\/312"}],"wp:attachment":[{"href":"https:\/\/www.lieksanurheilijat.com\/index.php?rest_route=%2Fwp%2Fv2%2Fmedia&parent=2399"}],"wp:term":[{"taxonomy":"category","embeddable":true,"href":"https:\/\/www.lieksanurheilijat.com\/index.php?rest_route=%2Fwp%2Fv2%2Fcategories&post=2399"},{"taxonomy":"post_tag","embeddable":true,"href":"https:\/\/www.lieksanurheilijat.com\/index.php?rest_route=%2Fwp%2Fv2%2Ftags&post=2399"}],"curies":[{"name":"wp","href":"https:\/\/api.w.org\/{rel}","templated":true}]}}