{"id":2397,"date":"2014-07-15T07:34:26","date_gmt":"2014-07-15T04:34:26","guid":{"rendered":"https:\/\/www.lieksanurheilijat.com\/?page_id=2397"},"modified":"2014-07-15T07:34:26","modified_gmt":"2014-07-15T04:34:26","slug":"yara-kilpailut","status":"publish","type":"page","link":"https:\/\/www.lieksanurheilijat.com\/?page_id=2397","title":{"rendered":"Yara-kilpailut"},"content":{"rendered":"<p>14.7.2014<br \/>\nSiilinj\u00e4rvi<\/p>\n<p>T13 60 m<br \/>\n1 Jenni Takkunen SiilPo 9.1h<br \/>\n2 Saara Porthan SiilPo 9.9h<br \/>\n3 Tuuli Mets\u00e4rinne SiilPo 10.1h<br \/>\n3 <strong><a title=\"Milla Martikainen\" href=\"https:\/\/www.lieksanurheilijat.com\/yleisurheilu\/urheilijaesittelyt\/milla-martikainen\/\">Milla Martikainen<\/a> LieksU 10.1h<\/strong><br \/>\n5 Enni Raatikainen SiilPo 10.3h<\/p>\n<p>T13 Seiv\u00e4s<br \/>\n1 <strong><a title=\"Milla Martikainen\" href=\"https:\/\/www.lieksanurheilijat.com\/yleisurheilu\/urheilijaesittelyt\/milla-martikainen\/\">Milla Martikainen<\/a> LieksU 200<\/strong><br \/>\n2 Saara Porthan SiilPo 140<br \/>\n3 Jenni Takkunen SiilPo 140<br \/>\n4 Tuuli Mets\u00e4rinne SiilPo 120<br \/>\n5 Enni Raatikainen SiilPo 100<\/p>\n","protected":false},"excerpt":{"rendered":"<p>14.7.2014 Siilinj\u00e4rvi T13 60 m 1 Jenni Takkunen SiilPo 9.1h 2 Saara Porthan SiilPo 9.9h 3 Tuuli Mets\u00e4rinne SiilPo 10.1h 3 Milla Martikainen LieksU 10.1h 5 Enni Raatikainen SiilPo 10.3h T13 Seiv\u00e4s 1 Milla Martikainen LieksU 200 2 Saara Porthan SiilPo 140 3 Jenni Takkunen SiilPo 140 4 Tuuli Mets\u00e4rinne &hellip;<\/p>\n","protected":false},"author":3,"featured_media":0,"parent":312,"menu_order":35,"comment_status":"closed","ping_status":"closed","template":"","meta":{"footnotes":""},"categories":[32,7],"tags":[],"class_list":["post-2397","page","type-page","status-publish","hentry","category-millamartikainen","category-tulokset"],"_links":{"self":[{"href":"https:\/\/www.lieksanurheilijat.com\/index.php?rest_route=\/wp\/v2\/pages\/2397","targetHints":{"allow":["GET"]}}],"collection":[{"href":"https:\/\/www.lieksanurheilijat.com\/index.php?rest_route=\/wp\/v2\/pages"}],"about":[{"href":"https:\/\/www.lieksanurheilijat.com\/index.php?rest_route=\/wp\/v2\/types\/page"}],"author":[{"embeddable":true,"href":"https:\/\/www.lieksanurheilijat.com\/index.php?rest_route=\/wp\/v2\/users\/3"}],"replies":[{"embeddable":true,"href":"https:\/\/www.lieksanurheilijat.com\/index.php?rest_route=%2Fwp%2Fv2%2Fcomments&post=2397"}],"version-history":[{"count":1,"href":"https:\/\/www.lieksanurheilijat.com\/index.php?rest_route=\/wp\/v2\/pages\/2397\/revisions"}],"predecessor-version":[{"id":2398,"href":"https:\/\/www.lieksanurheilijat.com\/index.php?rest_route=\/wp\/v2\/pages\/2397\/revisions\/2398"}],"up":[{"embeddable":true,"href":"https:\/\/www.lieksanurheilijat.com\/index.php?rest_route=\/wp\/v2\/pages\/312"}],"wp:attachment":[{"href":"https:\/\/www.lieksanurheilijat.com\/index.php?rest_route=%2Fwp%2Fv2%2Fmedia&parent=2397"}],"wp:term":[{"taxonomy":"category","embeddable":true,"href":"https:\/\/www.lieksanurheilijat.com\/index.php?rest_route=%2Fwp%2Fv2%2Fcategories&post=2397"},{"taxonomy":"post_tag","embeddable":true,"href":"https:\/\/www.lieksanurheilijat.com\/index.php?rest_route=%2Fwp%2Fv2%2Ftags&post=2397"}],"curies":[{"name":"wp","href":"https:\/\/api.w.org\/{rel}","templated":true}]}}