{"id":2311,"date":"2014-07-02T20:04:32","date_gmt":"2014-07-02T17:04:32","guid":{"rendered":"https:\/\/www.lieksanurheilijat.com\/?page_id=2311"},"modified":"2014-07-07T05:57:41","modified_gmt":"2014-07-07T02:57:41","slug":"aluekilpailut","status":"publish","type":"page","link":"https:\/\/www.lieksanurheilijat.com\/?page_id=2311","title":{"rendered":"Aluekilpailut"},"content":{"rendered":"<p>2.7.2014<br \/>\nSiilinj\u00e4rvi<\/p>\n<p>P10 400 m<br \/>\n1 Roope Kuosmanen IisVi 78.9<br \/>\n2 Eemi Naumanen SiilPo 80.8<br \/>\n3 Riku Tenhunen SiilPo 82.1<br \/>\n4 Jalmari Bergqvist MaanMa 82.7<br \/>\n5 Topi Huttunen VierKoi 87.0<br \/>\n6 <strong>Jyry Pesonen LieksU 95.2<\/strong><\/p>\n<p>P10 Keih\u00e4s<br \/>\n1 Riku Tenhunen SiilPo 24.23<br \/>\n2 Miika Kek\u00e4l\u00e4inen MaanMa 16.87<br \/>\n3 <strong>Jyry Pesonen LieksU 16.39<\/strong><br \/>\n4 Topi Huttunen VierKoi 14.98<br \/>\n5 Jalmari Bergqvist MaanMa 12.78<\/p>\n<p>T15 Keih\u00e4s<br \/>\n1 <strong><a title=\"Milja Pesonen\" href=\"https:\/\/www.lieksanurheilijat.com\/yleisurheilu\/urheilijaesittelyt\/milja-pesonen\/\">Milja Pesonen<\/a> LieksU 33.72<\/strong><br \/>\n2 Niina Asikainen JuankKuo 32.76<br \/>\n3 Sini Asikainen JuankKuo 20.41<\/p>\n<p>T13 Keih\u00e4s<br \/>\n1 Riia Toivanen JuankKuo 29.59<br \/>\n2<strong>\u00a0<a title=\"Milla Martikainen\" href=\"https:\/\/www.lieksanurheilijat.com\/yleisurheilu\/urheilijaesittelyt\/milla-martikainen\/\">Milla Martikainen<\/a> LieksU 27.63<\/strong><br \/>\n3\u00a0Saara Porthan SiilPo 26.78<br \/>\n4\u00a0Julia Siimento SiilPo 22.96<br \/>\n5\u00a0Veera Huoman Hein\u00e4vYU 22.12<br \/>\n6\u00a0Iida Lehtonen MaanMa 20.85<br \/>\n7\u00a0Jenni Takkunen SiilPo 17.43<\/p>\n","protected":false},"excerpt":{"rendered":"<p>2.7.2014 Siilinj\u00e4rvi P10 400 m 1 Roope Kuosmanen IisVi 78.9 2 Eemi Naumanen SiilPo 80.8 3 Riku Tenhunen SiilPo 82.1 4 Jalmari Bergqvist MaanMa 82.7 5 Topi Huttunen VierKoi 87.0 6 Jyry Pesonen LieksU 95.2 P10 Keih\u00e4s 1 Riku Tenhunen SiilPo 24.23 2 Miika Kek\u00e4l\u00e4inen MaanMa 16.87 3 Jyry Pesonen &hellip;<\/p>\n","protected":false},"author":3,"featured_media":0,"parent":312,"menu_order":45,"comment_status":"closed","ping_status":"closed","template":"","meta":{"footnotes":""},"categories":[32,7],"tags":[],"class_list":["post-2311","page","type-page","status-publish","hentry","category-millamartikainen","category-tulokset"],"_links":{"self":[{"href":"https:\/\/www.lieksanurheilijat.com\/index.php?rest_route=\/wp\/v2\/pages\/2311","targetHints":{"allow":["GET"]}}],"collection":[{"href":"https:\/\/www.lieksanurheilijat.com\/index.php?rest_route=\/wp\/v2\/pages"}],"about":[{"href":"https:\/\/www.lieksanurheilijat.com\/index.php?rest_route=\/wp\/v2\/types\/page"}],"author":[{"embeddable":true,"href":"https:\/\/www.lieksanurheilijat.com\/index.php?rest_route=\/wp\/v2\/users\/3"}],"replies":[{"embeddable":true,"href":"https:\/\/www.lieksanurheilijat.com\/index.php?rest_route=%2Fwp%2Fv2%2Fcomments&post=2311"}],"version-history":[{"count":2,"href":"https:\/\/www.lieksanurheilijat.com\/index.php?rest_route=\/wp\/v2\/pages\/2311\/revisions"}],"predecessor-version":[{"id":2325,"href":"https:\/\/www.lieksanurheilijat.com\/index.php?rest_route=\/wp\/v2\/pages\/2311\/revisions\/2325"}],"up":[{"embeddable":true,"href":"https:\/\/www.lieksanurheilijat.com\/index.php?rest_route=\/wp\/v2\/pages\/312"}],"wp:attachment":[{"href":"https:\/\/www.lieksanurheilijat.com\/index.php?rest_route=%2Fwp%2Fv2%2Fmedia&parent=2311"}],"wp:term":[{"taxonomy":"category","embeddable":true,"href":"https:\/\/www.lieksanurheilijat.com\/index.php?rest_route=%2Fwp%2Fv2%2Fcategories&post=2311"},{"taxonomy":"post_tag","embeddable":true,"href":"https:\/\/www.lieksanurheilijat.com\/index.php?rest_route=%2Fwp%2Fv2%2Ftags&post=2311"}],"curies":[{"name":"wp","href":"https:\/\/api.w.org\/{rel}","templated":true}]}}