{"id":2284,"date":"2014-06-26T20:26:02","date_gmt":"2014-06-26T17:26:02","guid":{"rendered":"https:\/\/www.lieksanurheilijat.com\/?page_id=2284"},"modified":"2014-06-26T20:26:02","modified_gmt":"2014-06-26T17:26:02","slug":"moukarikarnevaalit-2014","status":"publish","type":"page","link":"https:\/\/www.lieksanurheilijat.com\/?page_id=2284","title":{"rendered":"Moukarikarnevaalit 2014"},"content":{"rendered":"<p>26.6.2014<br \/>\nKaustinen<\/p>\n<p>M17 Moukari<br \/>\n1. Aaron Kangas KanksLei 70,79<br \/>\n2. Georg R\u00e4ni Viro 68,25<br \/>\n3. Niko Partanen SulkU 67,79<br \/>\n4. Ville J\u00e4rvinen VirtU 67,79<br \/>\n5. Erik Siponen \u00c4\u00e4nekU 58,07<br \/>\n6. Patrik Salonen NokU 56,77<br \/>\n7. <strong><a title=\"Kimmo Martikainen\" href=\"https:\/\/www.lieksanurheilijat.com\/yleisurheilu\/urheilijaesittelyt\/kimmo-martikainen\/\">Kimmo Martikainen<\/a> LieksU 51,63<\/strong><\/p>\n<p>T15 Moukari<br \/>\n1. Kiira V\u00e4\u00e4n\u00e4nen VarpVi 61,94<br \/>\n2. Sara Mehtomaa OulPy 52,59<br \/>\n3. Kiia Siponen \u00c4\u00e4nekU 49,81<br \/>\n4. <strong><a title=\"Venla Kettunen\" href=\"https:\/\/www.lieksanurheilijat.com\/yleisurheilu\/urheilijaesittelyt\/venla-kettunen\/\">Venla Kettunen<\/a> LieksU 48,73<\/strong><br \/>\n5. Emma Bj\u00f6rklund IKFalken 34,13<br \/>\nNella Humalam\u00e4ki \u00c4htU DNS<\/p>\n","protected":false},"excerpt":{"rendered":"<p>26.6.2014 Kaustinen M17 Moukari 1. Aaron Kangas KanksLei 70,79 2. Georg R\u00e4ni Viro 68,25 3. Niko Partanen SulkU 67,79 4. Ville J\u00e4rvinen VirtU 67,79 5. Erik Siponen \u00c4\u00e4nekU 58,07 6. Patrik Salonen NokU 56,77 7. Kimmo Martikainen LieksU 51,63 T15 Moukari 1. Kiira V\u00e4\u00e4n\u00e4nen VarpVi 61,94 2. Sara Mehtomaa OulPy &hellip;<\/p>\n","protected":false},"author":3,"featured_media":0,"parent":312,"menu_order":51,"comment_status":"closed","ping_status":"closed","template":"","meta":{"footnotes":""},"categories":[7,23],"tags":[],"class_list":["post-2284","page","type-page","status-publish","hentry","category-tulokset","category-venlakettunen"],"_links":{"self":[{"href":"https:\/\/www.lieksanurheilijat.com\/index.php?rest_route=\/wp\/v2\/pages\/2284","targetHints":{"allow":["GET"]}}],"collection":[{"href":"https:\/\/www.lieksanurheilijat.com\/index.php?rest_route=\/wp\/v2\/pages"}],"about":[{"href":"https:\/\/www.lieksanurheilijat.com\/index.php?rest_route=\/wp\/v2\/types\/page"}],"author":[{"embeddable":true,"href":"https:\/\/www.lieksanurheilijat.com\/index.php?rest_route=\/wp\/v2\/users\/3"}],"replies":[{"embeddable":true,"href":"https:\/\/www.lieksanurheilijat.com\/index.php?rest_route=%2Fwp%2Fv2%2Fcomments&post=2284"}],"version-history":[{"count":1,"href":"https:\/\/www.lieksanurheilijat.com\/index.php?rest_route=\/wp\/v2\/pages\/2284\/revisions"}],"predecessor-version":[{"id":2285,"href":"https:\/\/www.lieksanurheilijat.com\/index.php?rest_route=\/wp\/v2\/pages\/2284\/revisions\/2285"}],"up":[{"embeddable":true,"href":"https:\/\/www.lieksanurheilijat.com\/index.php?rest_route=\/wp\/v2\/pages\/312"}],"wp:attachment":[{"href":"https:\/\/www.lieksanurheilijat.com\/index.php?rest_route=%2Fwp%2Fv2%2Fmedia&parent=2284"}],"wp:term":[{"taxonomy":"category","embeddable":true,"href":"https:\/\/www.lieksanurheilijat.com\/index.php?rest_route=%2Fwp%2Fv2%2Fcategories&post=2284"},{"taxonomy":"post_tag","embeddable":true,"href":"https:\/\/www.lieksanurheilijat.com\/index.php?rest_route=%2Fwp%2Fv2%2Ftags&post=2284"}],"curies":[{"name":"wp","href":"https:\/\/api.w.org\/{rel}","templated":true}]}}