{"id":2277,"date":"2014-06-26T13:56:18","date_gmt":"2014-06-26T10:56:18","guid":{"rendered":"https:\/\/www.lieksanurheilijat.com\/?page_id=2277"},"modified":"2014-06-26T20:23:00","modified_gmt":"2014-06-26T17:23:00","slug":"jamsan-kestavyysjuoksu-pituus-ja-3-loikkakarnevaalit","status":"publish","type":"page","link":"https:\/\/www.lieksanurheilijat.com\/?page_id=2277","title":{"rendered":"J\u00e4ms\u00e4n kest\u00e4vyysjuoksu-, pituus- ja 3-loikkakarnevaalit"},"content":{"rendered":"<p>26.6.2014<br \/>\nJ\u00e4ms\u00e4<\/p>\n<p>T13 Pituus<br \/>\n1 Laura Lintukangas\u00a0IitPy 4,37 -0,1<br \/>\n2 Saga Vanninen\u00a0TampPy 4,34 -0,6<br \/>\n3 Nea Koskinen\u00a0IitPy 4,28\u00a0+0,3<br \/>\n4 Camilla Forsberg\u00a0LaukU 4,26 -0,3<br \/>\n5 <strong><a title=\"Tanja Ryyn\u00e4nen\" href=\"https:\/\/www.lieksanurheilijat.com\/yleisurheilu\/urheilijaesittelyt\/tanja-ryynanen\/\">Tanja Ryyn\u00e4nen<\/a>\u00a0LieksU 4,25 -0,5<br \/>\n<\/strong>6 Ella Kokkinen KaipVi 4,22 -0,3<br \/>\n7 Saara Svahn KaipVi 4,20 -0,2<br \/>\n8 Elisa Asikainen KaipVi 4,20 -0,4<br \/>\n9 Tessa Moisio KaipVi 4,17 -0,4<br \/>\n10 Vilma Siiril\u00e4 Jyv\u00e4skKU 4,05 -0,4<br \/>\n11 Marianne Myllyl\u00e4 KuusEV 4,03 -0,7<br \/>\n12 Matleena Parpala KokkVei 3,93 -0,2<br \/>\n13 Vilma It\u00e4linna TampPy 3,88 -0,5<br \/>\n14 Sinitta Mennala KaipVi 3,80 -0,5<br \/>\n15 Olivia Asikainen KaipVi 3,73 -0,5<br \/>\n16 Emmi Lahtela KaipVi 3,58 -0,2<br \/>\nJanette Tanninen MultJy DNS<br \/>\nWilhelmiina Harju Jyv\u00e4skKU DNS<strong><br \/>\n<\/strong><\/p>\n<p>T13 1000m<br \/>\n1 Silja R\u00f6nk\u00e4 LahdA 3.04,06<br \/>\n2 Lotta M\u00e4kinen Jyv\u00e4skKU 3.05,52<br \/>\n3 Isabella Latva \u00c5IFK 3.09,81<br \/>\n4 Annika Latva-Koivisto IlmajKi 3.14,93<br \/>\n5 Venla Rantala KarhKa 3.15,51<br \/>\n6 Marianne Myllyl\u00e4 KuusEV 3.19,19<br \/>\n7 Johanna Ranta LempKi 3.23,96<br \/>\n8 Irja Valta MaanMa 3.25,62<br \/>\n9 <strong><a title=\"Tanja Ryyn\u00e4nen\" href=\"https:\/\/www.lieksanurheilijat.com\/yleisurheilu\/urheilijaesittelyt\/tanja-ryynanen\/\">Tanja Ryyn\u00e4nen<\/a> LieksU 3.26,43<\/strong><br \/>\n10 Saara Svahn KaipVi 3.27,49<br \/>\n11 Neea Kotila TohmU 3.28,04<br \/>\n12 Milja Rantala KangKi 3.28,70<br \/>\n13 Riikka Lonkainen JoensKa 3.33,39<br \/>\n14 Roosa Taulavuori OulPy 3.35,39<br \/>\n15 Heini Kukila Sein\u00e4jSU 3.35,79<br \/>\n16 Milla Schutskoff Jyv\u00e4skKU 3.44,19<br \/>\n17 Ella Kokkinen KaipVi 3.46,49<\/p>\n","protected":false},"excerpt":{"rendered":"<p>26.6.2014 J\u00e4ms\u00e4 T13 Pituus 1 Laura Lintukangas\u00a0IitPy 4,37 -0,1 2 Saga Vanninen\u00a0TampPy 4,34 -0,6 3 Nea Koskinen\u00a0IitPy 4,28\u00a0+0,3 4 Camilla Forsberg\u00a0LaukU 4,26 -0,3 5 Tanja Ryyn\u00e4nen\u00a0LieksU 4,25 -0,5 6 Ella Kokkinen KaipVi 4,22 -0,3 7 Saara Svahn KaipVi 4,20 -0,2 8 Elisa Asikainen KaipVi 4,20 -0,4 9 Tessa Moisio KaipVi &hellip;<\/p>\n","protected":false},"author":3,"featured_media":0,"parent":312,"menu_order":53,"comment_status":"closed","ping_status":"closed","template":"","meta":{"footnotes":""},"categories":[7],"tags":[],"class_list":["post-2277","page","type-page","status-publish","hentry","category-tulokset"],"_links":{"self":[{"href":"https:\/\/www.lieksanurheilijat.com\/index.php?rest_route=\/wp\/v2\/pages\/2277","targetHints":{"allow":["GET"]}}],"collection":[{"href":"https:\/\/www.lieksanurheilijat.com\/index.php?rest_route=\/wp\/v2\/pages"}],"about":[{"href":"https:\/\/www.lieksanurheilijat.com\/index.php?rest_route=\/wp\/v2\/types\/page"}],"author":[{"embeddable":true,"href":"https:\/\/www.lieksanurheilijat.com\/index.php?rest_route=\/wp\/v2\/users\/3"}],"replies":[{"embeddable":true,"href":"https:\/\/www.lieksanurheilijat.com\/index.php?rest_route=%2Fwp%2Fv2%2Fcomments&post=2277"}],"version-history":[{"count":3,"href":"https:\/\/www.lieksanurheilijat.com\/index.php?rest_route=\/wp\/v2\/pages\/2277\/revisions"}],"predecessor-version":[{"id":2283,"href":"https:\/\/www.lieksanurheilijat.com\/index.php?rest_route=\/wp\/v2\/pages\/2277\/revisions\/2283"}],"up":[{"embeddable":true,"href":"https:\/\/www.lieksanurheilijat.com\/index.php?rest_route=\/wp\/v2\/pages\/312"}],"wp:attachment":[{"href":"https:\/\/www.lieksanurheilijat.com\/index.php?rest_route=%2Fwp%2Fv2%2Fmedia&parent=2277"}],"wp:term":[{"taxonomy":"category","embeddable":true,"href":"https:\/\/www.lieksanurheilijat.com\/index.php?rest_route=%2Fwp%2Fv2%2Fcategories&post=2277"},{"taxonomy":"post_tag","embeddable":true,"href":"https:\/\/www.lieksanurheilijat.com\/index.php?rest_route=%2Fwp%2Fv2%2Ftags&post=2277"}],"curies":[{"name":"wp","href":"https:\/\/api.w.org\/{rel}","templated":true}]}}