{"id":2237,"date":"2014-06-18T22:20:49","date_gmt":"2014-06-18T19:20:49","guid":{"rendered":"https:\/\/www.lieksanurheilijat.com\/?page_id=2237"},"modified":"2014-06-18T23:33:16","modified_gmt":"2014-06-18T20:33:16","slug":"pohjois-karjalan-vattenfall-i-piirifinaali","status":"publish","type":"page","link":"https:\/\/www.lieksanurheilijat.com\/?page_id=2237","title":{"rendered":"Pohjois-Karjalan Vattenfall I piirifinaali"},"content":{"rendered":"<p>18.6.2014<br \/>\nLieksa<\/p>\n<p>M17 200m tuuli: -1,0<br \/>\n1 Juuso Alastalo Pyh\u00e4sel\u00e4n Urheilijat 25,7h<\/p>\n<p>M17 Kuula<br \/>\n1 Tuomas Taren Pyh\u00e4sel\u00e4n Urheilijat 9,28<\/p>\n<p>M17 3-loikka<br \/>\n1 Kimi Honkanen Pyh\u00e4sel\u00e4n Urheilijat 11,27 -1,3<\/p>\n<p>P15 100m tuuli: -1,2<br \/>\n1 Eeki Kokkonen Lieksan Urheilijat 13,3h<br \/>\n2 Antti Tikka Pyh\u00e4sel\u00e4n Urheilijat 13,8h<\/p>\n<p>P15 2000m<br \/>\n1 Aarne Hakala Pyh\u00e4sel\u00e4n Urheilijat 6.56,7h<br \/>\n2 Mika Kotiranta Joensuun Kataja 6.57,8h<br \/>\n3 Markus Kasanen Joensuun Kataja 6.59,3h<br \/>\n4 Oskari Silvennoinen Joensuun Kataja 6.59,7h<\/p>\n<p>P15 Kuula<br \/>\n1 Ville Halonen Pyh\u00e4sel\u00e4n Urheilijat 12,75<br \/>\n2 Saku Pennanen Joensuun Kataja 11,05<\/p>\n<p>P13 60m tuuli: -1,1<br \/>\n1 Teemu Malinen Pyh\u00e4sel\u00e4n Urheilijat 8,4h<br \/>\n2 Santtu R\u00e4s\u00e4nen Joensuun Kataja 8,6h<br \/>\n3 Olli \u00d6rn Joensuun Kataja 9,2h<br \/>\nUP Jesse Piiroinen Pyh\u00e4sel\u00e4n Urheilijat DNS<\/p>\n<p>P13 1000m<br \/>\n1 Olli Sorsa Pyh\u00e4sel\u00e4n Urheilijat 3.17,1h<br \/>\n2 Samuel Auvinen Joensuun Kataja 3.19,0h<br \/>\n3 Aatu Partanen Joensuun Kataja 3.41,5h<br \/>\n4 Eemeli Boren Lieksan Urheilijat 4.06,5h<\/p>\n<p>P13 4x100m<br \/>\n1 Pyh\u00e4sel\u00e4n Urheilijat Jarkko Lev\u00e4, Teemu Malinen, Olli Sorsa, Jesse Piiroinen 56,0h<br \/>\n2 Joensuun Kataja Santtu R\u00e4s\u00e4nen, Samuel Auvinen, Olli \u00d6rn, Paavo Pakarinen 57,8h<\/p>\n<p>P13 Korkeus<br \/>\nUP Paavo Pakarinen Joensuun Kataja 125<br \/>\n1 Otto Pekkanen Pyh\u00e4sel\u00e4n Urheilijat 120<\/p>\n<p>P13 Keih\u00e4s<br \/>\n1 Jesse Piiroinen Pyh\u00e4sel\u00e4n Urheilijat 41,40<br \/>\n2 Paavo Pakarinen Joensuun Kataja 32,26<br \/>\nUP Otto Pekkanen Pyh\u00e4sel\u00e4n Urheilijat 27,37<\/p>\n<p>P11 60m<br \/>\n1 Samu K\u00e4yhk\u00f6 Pyh\u00e4sel\u00e4n Urheilijat 8,8h<br \/>\n2 Sakari Vallius Joensuun Kataja 9,1h<br \/>\n3 Joni Laakkonen Pyh\u00e4sel\u00e4n Urheilijat 9,4h<br \/>\n4 Aatu Holopainen Joensuun Kataja 9,7h<\/p>\n<p>P11 1000n<br \/>\n1 Lassi Valta Pyh\u00e4sel\u00e4n Urheilijat 3.31,0h<br \/>\n2 Aaro Nyyss\u00f6nen Joensuun Kataja 3.40,6h<br \/>\n3 Luukas M\u00e4kel\u00e4 Pyh\u00e4sel\u00e4n Urheilijat 3.43,1h<br \/>\nUP Jarkko Reijonen Joensuun Kataja 3.47,1h<br \/>\n4 Aarni Nyblom Lieksan Urheilijat 4.14,7h<br \/>\nPerttu Lev\u00e4 Pyh\u00e4sel\u00e4n Urheilijat DNS<\/p>\n<p>P11 4x50m<br \/>\n1 Pyh\u00e4sel\u00e4n Urheilijat Juha Karjunen, Perttu Lev\u00e4, Joni Laakkonen, Samu K\u00e4yhk\u00f6 30,8h<br \/>\n2 Joensuun Kataja Sakari Vallius, Aatu Holopainen, Samu Raatikainen, Aaro Nyyss\u00f6nen 31,8h<\/p>\n<p>P11 Pituus<br \/>\nUP Samu K\u00e4yhk\u00f6 Pyh\u00e4sel\u00e4n Urheilijat 445<br \/>\nUP Juha Karjunen Pyh\u00e4sel\u00e4n Urheilijat 426<br \/>\n1 Perttu Lev\u00e4 Pyh\u00e4sel\u00e4n Urheilijat 398<br \/>\nUP Aatu Holopainen Joensuun Kataja 369<br \/>\n2 Samu Raatikainen Joensuun Kataja 368<\/p>\n<p>P11 Kiekko<br \/>\n1 Juha Karjunen Pyh\u00e4sel\u00e4n Urheilijat 25,88<br \/>\nUP Sakari Vallius Joensuun Kataja 25,08<br \/>\n2 Jere Rouvinen Pyh\u00e4sel\u00e4n Urheilijat 24,03<br \/>\n3 Jarkko Reijonen Joensuun Kataja 23,78<\/p>\n<p>N17 200m tuuli: -1,0<br \/>\n1 Sanna Jaatinen Joensuun Kataja 26,8h<br \/>\n2 Silja Kempas Lieksan Urheilijat 27,5h<br \/>\n3 Vuokko Ukkonen Pyh\u00e4sel\u00e4n Urheilijat 29,2h<\/p>\n<p>N17 3-loikka<br \/>\nUP Iida Kokko Joensuun Kataja 10,61 -1,2<br \/>\nUP Lotta Mecklin Joensuun Kataja 9,90 -1,1<br \/>\n1 Milla Susi Pyh\u00e4sel\u00e4n Urheilijat 9,07 -1,0<br \/>\n2 Jasmin Tukiainen Pyh\u00e4sel\u00e4n Urheilijat 8,60 -0,3<br \/>\nAnna Muhonen Joensuun Kataja DNS<br \/>\nNiina Kettunen Joensuun Kataja DNS<\/p>\n<p>N17 Kuula<br \/>\n1 Laura Karjunen Pyh\u00e4sel\u00e4n Urheilijat 11,19<br \/>\n2 Venla Kettunen Lieksan Urheilijat 10,69<br \/>\n3 Essi Tynkkynen Joensuun Kataja 6,09<\/p>\n<p>T15 100m tuuli: -1,2<br \/>\n1 Kaisa-Liisa Kainulainen Joensuun Kataja 13,7h<br \/>\n2 Kati Nuutinen Pyh\u00e4sel\u00e4n Urheilijat 13,8h<br \/>\n3 Hanna Siiskonen Joensuun Kataja 14,2h<br \/>\nUP Katariina Rouhiainen Pyh\u00e4sel\u00e4n Urheilijat 15,0h<\/p>\n<p>T15 2000m<br \/>\n1 Jutta Nuutinen Pyh\u00e4sel\u00e4n Urheilijat 7.31,6h<br \/>\n2 Petra V\u00e4\u00e4n\u00e4nen Joensuun Kataja 7.32,5h<br \/>\n3 Annika Piiparinen Lieksan Urheilijat 7.42,3h<br \/>\n4 Moona Havula Pyh\u00e4sel\u00e4n Urheilijat 7.56,2h<br \/>\n5 Siiri Silvennoinen Joensuun Kataja 8.04,1h<\/p>\n<p>T15 4x100m<br \/>\n1 Pyh\u00e4sel\u00e4n Urheilijat Katariina Rouhiainen, Kati Nuutinen, Micaela Lindsberg, Jutta Nuutinen 55,8h<br \/>\nJoensuun Kataja Petra V\u00e4\u00e4n\u00e4nen, Kaisa-Liisa Kainulainen, Nina Mutanen,Hanna Siiskonen DNS<\/p>\n<p>T15 Seiv\u00e4s<br \/>\n1 Milla Martikainen Lieksan Urheilijat 200<br \/>\n2 Micaela Lindsberg Pyh\u00e4sel\u00e4n Urheilijat 190<br \/>\nMilla Susi Pyh\u00e4sel\u00e4n Urheilijat DNS<\/p>\n<p>T15 Kuula<br \/>\n1 Eliina Vesalainen Pyh\u00e4sel\u00e4n Urheilijat 8,65<br \/>\n2 Jutta Martikainen Lieksan Urheilijat 8,23<br \/>\n3 Nina Mutanen Joensuun Kataja 7,70<br \/>\nUP Micaela Lindsberg Pyh\u00e4sel\u00e4n Urheilijat 7,51<br \/>\n4 Katariina Rouhiainen Pyh\u00e4sel\u00e4n Urheilijat 7,34<br \/>\nJohanna Varis Pyh\u00e4sel\u00e4n Urheilijat DNS<\/p>\n<p>T13 60m<br \/>\nEr\u00e4 1 tuuli: -0,9<br \/>\n1 Petra Lappalainen Joensuun Kataja 8,8h<br \/>\n2 Neea Liimatta Pyh\u00e4sel\u00e4n Urheilijat 9,0h<br \/>\n3 Kiia Miettinen Pyh\u00e4sel\u00e4n Urheilijat 9,3h<br \/>\n4 Jenna Kiiskinen Joensuun Kataja 9,5h<br \/>\n5 Jenna Varis Pyh\u00e4sel\u00e4n Urheilijat 9,5h<\/p>\n<p>Er\u00e4 2 tuuli:\u00a0-1,1<br \/>\n1 Riina Kettunen Lieksan Urheilijat 8,7h<br \/>\n2 Veera Kontkanen Pyh\u00e4sel\u00e4n Urheilijat 9,3h<\/p>\n<p>Yhdistetyt tulokset<br \/>\nUP Riina Kettunen Lieksan Urheilijat 8,7h<br \/>\n1 Petra Lappalainen Joensuun Kataja 8,8h<br \/>\n2 Neea Liimatta Pyh\u00e4sel\u00e4n Urheilijat 9,0h<br \/>\n3 Kiia Miettinen Pyh\u00e4sel\u00e4n Urheilijat 9,3h<br \/>\nUP Veera Kontkanen Pyh\u00e4sel\u00e4n Urheilijat 9,3h<br \/>\n4 Jenna Kiiskinen Joensuun Kataja 9,5h<br \/>\n5 Jenna Varis Pyh\u00e4sel\u00e4n Urheilijat 9,5h<\/p>\n<p>T13 1000m<br \/>\n1 Tanja Ryyn\u00e4nen Lieksan Urheilijat 3.21,2h<br \/>\n2 Riikka Lonkainen Joensuun Kataja 3.23,5h<br \/>\n3 Veera Kontkanen Pyh\u00e4sel\u00e4n Urheilijat 3.24,6h<br \/>\n4 Tuuli Kinnunen Joensuun Kataja 3.44,8h<\/p>\n<p>T13 4x100m<br \/>\n1 Joensuun Kataja Petra Lappalainen, Riikka Lonkainen, Lumi K\u00e4rkk\u00e4inen, Jenna Kiiskinen 57,9h<br \/>\n2 Pyh\u00e4sel\u00e4n Urheilijat Jenna Varis, Neea Liimatta, Veera Kontkanen, Kiia Miettinen 59,5h<\/p>\n<p>T13 Korkeus<br \/>\n1 Riina Hassinen Pyh\u00e4sel\u00e4n Urheilijat 125<br \/>\n2 Jenna Riikonen Joensuun Kataja 125<\/p>\n<p>T13 Keih\u00e4s<br \/>\n1 Riina Kettunen Lieksan Urheilijat 27,96<br \/>\n2 Lumi K\u00e4rkk\u00e4inen Joensuun Kataja 27,65<br \/>\nUP Milla Martikainen Lieksan Urheilijat 27,14<br \/>\nUP Tanja Ryyn\u00e4nen Lieksan Urheilijat 24,72<br \/>\n3 Sini Lehikoinen Pyh\u00e4sel\u00e4n Urheilijat 24,09<br \/>\n4 Laura Korkala Pyh\u00e4sel\u00e4n Urheilijat 22,15<br \/>\n5 Minttu Rokkila Pyh\u00e4sel\u00e4n Urheilijat 19,78<br \/>\nT11 60m<br \/>\nEr\u00e4 1<br \/>\n1 Elina Nivaj\u00e4rvi Joensuun Kataja 9,1h<br \/>\n2 Jasmina Ven\u00e4l\u00e4inen Pyh\u00e4sel\u00e4n Urheilijat 9,1h<br \/>\n3 Aava Kipin\u00e4 Joensuun Kataja 10,0h<br \/>\n4 Aino Pyykk\u00f6 Lieksan Urheilijat 11,0h<\/p>\n<p>Er\u00e4 2<br \/>\n1 Nea Immonen Joensuun Kataja 9,1h<br \/>\n2 Maria Sotikov Pyh\u00e4sel\u00e4n Urheilijat 9,6h<br \/>\n3 Aada Kokko Joensuun Kataja 9,7h<br \/>\n4 Sofia Raatikainen Pyh\u00e4sel\u00e4n Urheilijat 10,2h<\/p>\n<p>Yhdistetyt tulokset<br \/>\n1 Elina Nivaj\u00e4rvi Joensuun Kataja 9,1h<br \/>\n2 Jasmina Ven\u00e4l\u00e4inen Pyh\u00e4sel\u00e4n Urheilijat 9,1h<br \/>\nUP Nea Immonen Joensuun Kataja 9,1h<br \/>\nUP Maria Sotikov Pyh\u00e4sel\u00e4n Urheilijat 9,6h<br \/>\nUP Aada Kokko Joensuun Kataja 9,7h<br \/>\n3 Aava Kipin\u00e4 Joensuun Kataja 10,0h<br \/>\nUP Sofia Raatikainen Pyh\u00e4sel\u00e4n Urheilijat 10,2h<br \/>\n4 Aino Pyykk\u00f6 Lieksan Urheilijat 11,0h<\/p>\n<p>T11 1000n<br \/>\n1 Karla K\u00f6n\u00f6nen Pyh\u00e4sel\u00e4n Urheilijat 3.43,4h<br \/>\n2 Maija Boren Lieksan Urheilijat 3.55,5h<br \/>\n3 Sofia Raatikainen Pyh\u00e4sel\u00e4n Urheilijat 3.57,4h<br \/>\n4 Siiri Luostarinen Joensuun Kataja 4.15,2h<br \/>\n5 Tiia S\u00e4de Joensuun Kataja 4.17,6h<\/p>\n<p>T11 4x50m<br \/>\n1\u00a0Pyh\u00e4sel\u00e4n Urheilijat Netta-Noora Lappalainen, Karla K\u00f6n\u00f6nen, Maria Sotikov, Jasmina Ven\u00e4l\u00e4inen 31,2h<br \/>\n2\u00a0Joensuun Kataja Elina Nivaj\u00e4rvi, Aada Kokko, Nea Immonen, Aava Kipin\u00e4 31,3h<br \/>\n3 Lieksan Urheilijat Aino Pyykk\u00f6, Maija Boren, Heta Kettunen, Riina Palviainen 35,4h<\/p>\n<p>T11 Pituus<br \/>\n1 Heta Kettunen Lieksan Urheilijat 401<br \/>\n2 Maria Sotikov Pyh\u00e4sel\u00e4n Urheilijat 394<br \/>\nUP Karla K\u00f6n\u00f6nen Pyh\u00e4sel\u00e4n Urheilijat 390<br \/>\nUP Jasmina Ven\u00e4l\u00e4inen Pyh\u00e4sel\u00e4n Urheilijat 383<br \/>\n3 Aada Kokko Joensuun Kataja 380<br \/>\nUP Sini Lehikoinen Pyh\u00e4sel\u00e4n Urheilijat 376<br \/>\nUP Netta-Noora Lappalainen Pyh\u00e4sel\u00e4n Urheilijat 354<br \/>\nUP Tiia S\u00e4de Joensuun Kataja 337<br \/>\nUP Siiri Luostarinen Joensuun Kataja 312<\/p>\n<p>T11 Kiekko<br \/>\n1 Riina Palviainen Lieksan Urheilijat 25,13<br \/>\n2 Netta-Noora Lappalainen Pyh\u00e4sel\u00e4n Urheilijat 18,66<br \/>\n3 Nicola Lindsberg Pyh\u00e4sel\u00e4n Urheilijat 15,88<br \/>\n4 Nea Immonen Joensuun Kataja 13,22<\/p>\n","protected":false},"excerpt":{"rendered":"<p>18.6.2014 Lieksa M17 200m tuuli: -1,0 1 Juuso Alastalo Pyh\u00e4sel\u00e4n Urheilijat 25,7h M17 Kuula 1 Tuomas Taren Pyh\u00e4sel\u00e4n Urheilijat 9,28 M17 3-loikka 1 Kimi Honkanen Pyh\u00e4sel\u00e4n Urheilijat 11,27 -1,3 P15 100m tuuli: -1,2 1 Eeki Kokkonen Lieksan Urheilijat 13,3h 2 Antti Tikka Pyh\u00e4sel\u00e4n Urheilijat 13,8h P15 2000m 1 Aarne Hakala &hellip;<\/p>\n","protected":false},"author":3,"featured_media":0,"parent":312,"menu_order":56,"comment_status":"closed","ping_status":"closed","template":"","meta":{"footnotes":""},"categories":[14,32,31,26,7,23],"tags":[],"class_list":["post-2237","page","type-page","status-publish","hentry","category-aarninyblom","category-millamartikainen","category-riinakettunen","category-siljakempas","category-tulokset","category-venlakettunen"],"_links":{"self":[{"href":"https:\/\/www.lieksanurheilijat.com\/index.php?rest_route=\/wp\/v2\/pages\/2237","targetHints":{"allow":["GET"]}}],"collection":[{"href":"https:\/\/www.lieksanurheilijat.com\/index.php?rest_route=\/wp\/v2\/pages"}],"about":[{"href":"https:\/\/www.lieksanurheilijat.com\/index.php?rest_route=\/wp\/v2\/types\/page"}],"author":[{"embeddable":true,"href":"https:\/\/www.lieksanurheilijat.com\/index.php?rest_route=\/wp\/v2\/users\/3"}],"replies":[{"embeddable":true,"href":"https:\/\/www.lieksanurheilijat.com\/index.php?rest_route=%2Fwp%2Fv2%2Fcomments&post=2237"}],"version-history":[{"count":8,"href":"https:\/\/www.lieksanurheilijat.com\/index.php?rest_route=\/wp\/v2\/pages\/2237\/revisions"}],"predecessor-version":[{"id":2245,"href":"https:\/\/www.lieksanurheilijat.com\/index.php?rest_route=\/wp\/v2\/pages\/2237\/revisions\/2245"}],"up":[{"embeddable":true,"href":"https:\/\/www.lieksanurheilijat.com\/index.php?rest_route=\/wp\/v2\/pages\/312"}],"wp:attachment":[{"href":"https:\/\/www.lieksanurheilijat.com\/index.php?rest_route=%2Fwp%2Fv2%2Fmedia&parent=2237"}],"wp:term":[{"taxonomy":"category","embeddable":true,"href":"https:\/\/www.lieksanurheilijat.com\/index.php?rest_route=%2Fwp%2Fv2%2Fcategories&post=2237"},{"taxonomy":"post_tag","embeddable":true,"href":"https:\/\/www.lieksanurheilijat.com\/index.php?rest_route=%2Fwp%2Fv2%2Ftags&post=2237"}],"curies":[{"name":"wp","href":"https:\/\/api.w.org\/{rel}","templated":true}]}}