{"id":2224,"date":"2014-06-15T19:43:37","date_gmt":"2014-06-15T16:43:37","guid":{"rendered":"https:\/\/www.lieksanurheilijat.com\/?page_id=2224"},"modified":"2014-06-16T20:35:27","modified_gmt":"2014-06-16T17:35:27","slug":"youth-athletics-games","status":"publish","type":"page","link":"https:\/\/www.lieksanurheilijat.com\/?page_id=2224","title":{"rendered":"Youth Athletics Games"},"content":{"rendered":"<p>Espoo<br \/>\n14.-15.6.2014<\/p>\n<p>T15 100 m<br \/>\nB-er\u00e4<br \/>\nTuuli: -1.4<br \/>\n1 <strong><a title=\"Silja Kempas\" href=\"https:\/\/www.lieksanurheilijat.com\/yleisurheilu\/urheilijaesittelyt\/silja-kempas\/\">Silja Kempas<\/a> LieksU 13.50<\/strong><br \/>\n2 Jonna Peritalo LapVi 13.63<br \/>\n3 Aliisa Rahikainen MikkKV 13.67<br \/>\n4 Milja Rantanen NummKip 13.75<br \/>\n5 Nea Laine H\u00e4meenlTa 13.77<br \/>\n6 Amanda Hiltula VeitsilKV 13.86<br \/>\n7 Silja Laaksonen HelsTa 13.88<br \/>\n8 Anna Ivanova RUS 14.07<\/p>\n<p>2. alkuer\u00e4<br \/>\nTuuli: 0.4<br \/>\n1 Ellinoora Karvinen SavonlRie 12.99<br \/>\n2 <strong><a title=\"Silja Kempas\" href=\"https:\/\/www.lieksanurheilijat.com\/yleisurheilu\/urheilijaesittelyt\/silja-kempas\/\">Silja Kempas<\/a> LieksU 13.35<\/strong><br \/>\n3 Anna Ivanova RUS 13.55<br \/>\n4 Cassandra Karjalainen HIFK 13.80<br \/>\n5 Heli Killinen LapVi 13.86<br \/>\n6 Vilma Kivel\u00e4 Jyv\u00e4skKU 14.15<\/p>\n<p>15.6.2014<br \/>\nN17 Korkeus<br \/>\n1 <strong><a title=\"Moona Kokkonen\" href=\"https:\/\/www.lieksanurheilijat.com\/yleisurheilu\/urheilijaesittelyt\/moona-kokkonen\/\">Moona Kokkonen<\/a> Lieksan Urheilijat 163<\/strong><br \/>\n2 Sanna Rautio Oulun Pyrint\u00f6 163<br \/>\n3 Katri Mikkonen Raahen Vesa 160<br \/>\n4 Nea Pronin Helsingin Kisa-Veikot 160<br \/>\n4 Veera Tulonen Veikkolan Veikot 160<br \/>\n6 Laura Ruonala Lemp\u00e4\u00e4l\u00e4n Kisa 155<br \/>\n7 Sofia Isolauri Vehmaan Kiisto 150<br \/>\n8 Maria Kyt\u00f6l\u00e4 Hyvink\u00e4\u00e4n seudun Urheilijat 145<br \/>\n9 Maija Hakkila Espoon Tapiot 145<br \/>\n10 Janina Pyk\u00e4ri Keski-Uudenmaan Yleisurheilu 140<br \/>\nLaura Nurminen M\u00e4nts\u00e4l\u00e4n Urheilijat DNS<\/p>\n","protected":false},"excerpt":{"rendered":"<p>Espoo 14.-15.6.2014 T15 100 m B-er\u00e4 Tuuli: -1.4 1 Silja Kempas LieksU 13.50 2 Jonna Peritalo LapVi 13.63 3 Aliisa Rahikainen MikkKV 13.67 4 Milja Rantanen NummKip 13.75 5 Nea Laine H\u00e4meenlTa 13.77 6 Amanda Hiltula VeitsilKV 13.86 7 Silja Laaksonen HelsTa 13.88 8 Anna Ivanova RUS 14.07 2. alkuer\u00e4 &hellip;<\/p>\n","protected":false},"author":3,"featured_media":0,"parent":312,"menu_order":58,"comment_status":"closed","ping_status":"closed","template":"","meta":{"footnotes":""},"categories":[26,7],"tags":[],"class_list":["post-2224","page","type-page","status-publish","hentry","category-siljakempas","category-tulokset"],"_links":{"self":[{"href":"https:\/\/www.lieksanurheilijat.com\/index.php?rest_route=\/wp\/v2\/pages\/2224","targetHints":{"allow":["GET"]}}],"collection":[{"href":"https:\/\/www.lieksanurheilijat.com\/index.php?rest_route=\/wp\/v2\/pages"}],"about":[{"href":"https:\/\/www.lieksanurheilijat.com\/index.php?rest_route=\/wp\/v2\/types\/page"}],"author":[{"embeddable":true,"href":"https:\/\/www.lieksanurheilijat.com\/index.php?rest_route=\/wp\/v2\/users\/3"}],"replies":[{"embeddable":true,"href":"https:\/\/www.lieksanurheilijat.com\/index.php?rest_route=%2Fwp%2Fv2%2Fcomments&post=2224"}],"version-history":[{"count":2,"href":"https:\/\/www.lieksanurheilijat.com\/index.php?rest_route=\/wp\/v2\/pages\/2224\/revisions"}],"predecessor-version":[{"id":2226,"href":"https:\/\/www.lieksanurheilijat.com\/index.php?rest_route=\/wp\/v2\/pages\/2224\/revisions\/2226"}],"up":[{"embeddable":true,"href":"https:\/\/www.lieksanurheilijat.com\/index.php?rest_route=\/wp\/v2\/pages\/312"}],"wp:attachment":[{"href":"https:\/\/www.lieksanurheilijat.com\/index.php?rest_route=%2Fwp%2Fv2%2Fmedia&parent=2224"}],"wp:term":[{"taxonomy":"category","embeddable":true,"href":"https:\/\/www.lieksanurheilijat.com\/index.php?rest_route=%2Fwp%2Fv2%2Fcategories&post=2224"},{"taxonomy":"post_tag","embeddable":true,"href":"https:\/\/www.lieksanurheilijat.com\/index.php?rest_route=%2Fwp%2Fv2%2Ftags&post=2224"}],"curies":[{"name":"wp","href":"https:\/\/api.w.org\/{rel}","templated":true}]}}