{"id":2164,"date":"2014-06-04T21:29:07","date_gmt":"2014-06-04T18:29:07","guid":{"rendered":"https:\/\/www.lieksanurheilijat.com\/?page_id=2164"},"modified":"2014-06-05T11:35:58","modified_gmt":"2014-06-05T08:35:58","slug":"marskin-kisat","status":"publish","type":"page","link":"https:\/\/www.lieksanurheilijat.com\/?page_id=2164","title":{"rendered":"Marskin kisat"},"content":{"rendered":"<p>4.6.2014<br \/>\nLappeenranta<\/p>\n<p>N Keih\u00e4s<br \/>\n1. Jelena Jaakkola SoinSi 55,40<br \/>\n2. Oona Sormunen TohmajU 54,91<br \/>\n3. Jenni Kangas Sein\u00e4jSU 53,23<br \/>\n4. Janette Lepist\u00f6 LehtimJy 50,35<br \/>\n5. Heidi Nokelainen SimpU 49,43<br \/>\n6. Saara Lipsanen LappUM 47,57<br \/>\n7. <a title=\"Jutta Heikkinen\" href=\"https:\/\/www.lieksanurheilijat.com\/?page_id=412\"><strong>Jutta Heikkinen LieksU 45,04<\/strong><\/a><br \/>\n8. Milja Lusila AsikkRai 43,61<br \/>\n9. Heli Liimatta JoensKa 41,79<br \/>\n10. Meri Rautamies VehkVei 41,01<br \/>\n11. Jenna Jaakkola SoinSi 39,45<\/p>\n<p>N 100 m aj<br \/>\n1. Ida Aidanp\u00e4\u00e4 Jyv\u00e4skKU 13,40<br \/>\n2. Elisa Leinonen PaltU 13,50<br \/>\n3. Lotta Harala TampPy 13,52<br \/>\n4. Viivi Avikainen MikkKV 13,93<br \/>\n5. Juuli-Anna Tauren Jyv\u00e4skKU 14,51<br \/>\n6. Paula Kuronen MikkKV 14,68<br \/>\n7. <a title=\"Jutta Heikkinen\" href=\"https:\/\/www.lieksanurheilijat.com\/?page_id=412\"><strong>Jutta Heikkinen LieksU 14,84<\/strong><\/a><br \/>\n8. Iitu H\u00f6ltt\u00e4 MikkKV 14,91<br \/>\n9. Jenni Rossi LappUM 15,58<br \/>\n10. Annika Luukkainen PunkahU 16,70<\/p>\n<p>Er\u00e4 1 Tuuli: +0,6<br \/>\n1. Juuli-Anna Tauren Jyv\u00e4skKU 14,51<br \/>\n2. <a title=\"Jutta Heikkinen\" href=\"https:\/\/www.lieksanurheilijat.com\/?page_id=412\"><strong>Jutta Heikkinen LieksU 14,84<\/strong><\/a><br \/>\n3. Iitu H\u00f6ltt\u00e4 MikkKV 14,91<br \/>\n4. Jenni Rossi LappUM 15,58<br \/>\n5. Annika Luukkainen PunkahU 16,70<\/p>\n","protected":false},"excerpt":{"rendered":"<p>4.6.2014 Lappeenranta N Keih\u00e4s 1. Jelena Jaakkola SoinSi 55,40 2. Oona Sormunen TohmajU 54,91 3. Jenni Kangas Sein\u00e4jSU 53,23 4. Janette Lepist\u00f6 LehtimJy 50,35 5. Heidi Nokelainen SimpU 49,43 6. Saara Lipsanen LappUM 47,57 7. Jutta Heikkinen LieksU 45,04 8. Milja Lusila AsikkRai 43,61 9. Heli Liimatta JoensKa 41,79 10. &hellip;<\/p>\n","protected":false},"author":3,"featured_media":0,"parent":312,"menu_order":63,"comment_status":"closed","ping_status":"closed","template":"","meta":{"footnotes":""},"categories":[7],"tags":[],"class_list":["post-2164","page","type-page","status-publish","hentry","category-tulokset"],"_links":{"self":[{"href":"https:\/\/www.lieksanurheilijat.com\/index.php?rest_route=\/wp\/v2\/pages\/2164","targetHints":{"allow":["GET"]}}],"collection":[{"href":"https:\/\/www.lieksanurheilijat.com\/index.php?rest_route=\/wp\/v2\/pages"}],"about":[{"href":"https:\/\/www.lieksanurheilijat.com\/index.php?rest_route=\/wp\/v2\/types\/page"}],"author":[{"embeddable":true,"href":"https:\/\/www.lieksanurheilijat.com\/index.php?rest_route=\/wp\/v2\/users\/3"}],"replies":[{"embeddable":true,"href":"https:\/\/www.lieksanurheilijat.com\/index.php?rest_route=%2Fwp%2Fv2%2Fcomments&post=2164"}],"version-history":[{"count":4,"href":"https:\/\/www.lieksanurheilijat.com\/index.php?rest_route=\/wp\/v2\/pages\/2164\/revisions"}],"predecessor-version":[{"id":2168,"href":"https:\/\/www.lieksanurheilijat.com\/index.php?rest_route=\/wp\/v2\/pages\/2164\/revisions\/2168"}],"up":[{"embeddable":true,"href":"https:\/\/www.lieksanurheilijat.com\/index.php?rest_route=\/wp\/v2\/pages\/312"}],"wp:attachment":[{"href":"https:\/\/www.lieksanurheilijat.com\/index.php?rest_route=%2Fwp%2Fv2%2Fmedia&parent=2164"}],"wp:term":[{"taxonomy":"category","embeddable":true,"href":"https:\/\/www.lieksanurheilijat.com\/index.php?rest_route=%2Fwp%2Fv2%2Fcategories&post=2164"},{"taxonomy":"post_tag","embeddable":true,"href":"https:\/\/www.lieksanurheilijat.com\/index.php?rest_route=%2Fwp%2Fv2%2Ftags&post=2164"}],"curies":[{"name":"wp","href":"https:\/\/api.w.org\/{rel}","templated":true}]}}