{"id":1932,"date":"2014-05-07T15:04:45","date_gmt":"2014-05-07T12:04:45","guid":{"rendered":"https:\/\/www.lieksanurheilijat.com\/?page_id=1932"},"modified":"2025-08-19T11:08:09","modified_gmt":"2025-08-19T08:08:09","slug":"omatkisat","status":"publish","type":"page","link":"https:\/\/www.lieksanurheilijat.com\/?page_id=1932","title":{"rendered":"Omat junnukisat"},"content":{"rendered":"<blockquote><p>Lieksan Urheilijat j\u00e4rjest\u00e4\u00e4 kes\u00e4ll\u00e4 2025 urheilukilpailuja, jotka ovat suunnattu ennen kaikkea seuran urheilukouluik\u00e4isille ja nuorille urheilijoille, mutta joihin voivat osallistua my\u00f6s kaikki muut halukkaat niin Lieksasta kuin muualtakin.<\/p><\/blockquote>\n<p>Vuoden 2025 kisap\u00e4iv\u00e4t:<\/p>\n<p><strong>Sunnuntai 25.5.2025 klo 17.00<\/strong><br \/>\nSittalammen Ymp\u00e4rijuoksu<\/p>\n<p><strong>Torstai 15.5.2025 klo 17.30<\/strong><br \/>\nPKO-kisat 3-12-vuotiaille<\/p>\n<p><strong>Tiistai 24.6.2025 klo 18.00<\/strong><br \/>\nLajit: pituushyppy ja kuulan ty\u00f6nt\u00f6<\/p>\n<p><strong>Tiistai 1.7.2025 klo 18.00<\/strong><br \/>\nLajit: korkeushyppy ja moukari<\/p>\n<p><strong>Tiistai 15.7.2025 klo 18.00<\/strong><br \/>\nLajit: pituus ja keih\u00e4s 40m ja 60m juoksu<\/p>\n<p><strong>Tiistai 5.8.2025 klo 18.00<\/strong><br \/>\nLajit: korkeus ja kiekko<\/p>\n<p><strong>Lauatai 23.8.2025 klo 13 Lieksan hyppykisat<\/strong><\/p>\n<p>Lajit: pituus, korkeus, seiv\u00e4s<\/p>\n<p>&nbsp;<\/p>\n<p><strong>Elokuussa kaupunginmestaruuskilpailut<\/strong><\/p>\n<p>Kaupungin mestaruudesta kilpaillaan 31.8.2025 klo 15 alkaen. Palkinnot 3 parhaalle.<\/p>\n<p><strong>Ilmoittautuminen ja osanotto-oikeus<\/strong>:<br \/>\nKaikkiin kisoihin ilmoittaudutaan paikan p\u00e4\u00e4ll\u00e4 ennen kisan alkua. Lisenssin omaavat voivat ilmoittautua my\u00f6s www.kilpailukalenteri.fi<br \/>\nKisoihin saa osallistua kuka tahansa, mit\u00e4\u00e4n seurasidonnaisuutta tai aiempaa kilpailukokemusta ei tarvitse olla.<\/p>\n<p><strong>S\u00e4\u00e4nn\u00f6t<\/strong>:<br \/>\nSarjoja 6-17-vuotiaille, alle 13-vuotiaiden osalta noudatetaan lasten yleisurheilus\u00e4\u00e4nt\u00f6j\u00e4.<\/p>\n<p><strong>Palkinnot<\/strong>:<br \/>\nKaikille osanottajille jaetaan osallistumismitalit jokaisessa kilpailussa.<\/p>\n","protected":false},"excerpt":{"rendered":"<p>Lieksan Urheilijat j\u00e4rjest\u00e4\u00e4 kes\u00e4ll\u00e4 2025 urheilukilpailuja, jotka ovat suunnattu ennen kaikkea seuran urheilukouluik\u00e4isille ja nuorille urheilijoille, mutta joihin voivat osallistua my\u00f6s kaikki muut halukkaat niin Lieksasta kuin muualtakin. Vuoden 2025 kisap\u00e4iv\u00e4t: Sunnuntai 25.5.2025 klo 17.00 Sittalammen Ymp\u00e4rijuoksu Torstai 15.5.2025 klo 17.30 PKO-kisat 3-12-vuotiaille Tiistai 24.6.2025 klo 18.00 Lajit: pituushyppy ja &hellip;<\/p>\n","protected":false},"author":3,"featured_media":0,"parent":14,"menu_order":6,"comment_status":"closed","ping_status":"closed","template":"","meta":{"footnotes":""},"categories":[],"tags":[],"class_list":["post-1932","page","type-page","status-publish","hentry"],"_links":{"self":[{"href":"https:\/\/www.lieksanurheilijat.com\/index.php?rest_route=\/wp\/v2\/pages\/1932","targetHints":{"allow":["GET"]}}],"collection":[{"href":"https:\/\/www.lieksanurheilijat.com\/index.php?rest_route=\/wp\/v2\/pages"}],"about":[{"href":"https:\/\/www.lieksanurheilijat.com\/index.php?rest_route=\/wp\/v2\/types\/page"}],"author":[{"embeddable":true,"href":"https:\/\/www.lieksanurheilijat.com\/index.php?rest_route=\/wp\/v2\/users\/3"}],"replies":[{"embeddable":true,"href":"https:\/\/www.lieksanurheilijat.com\/index.php?rest_route=%2Fwp%2Fv2%2Fcomments&post=1932"}],"version-history":[{"count":39,"href":"https:\/\/www.lieksanurheilijat.com\/index.php?rest_route=\/wp\/v2\/pages\/1932\/revisions"}],"predecessor-version":[{"id":7297,"href":"https:\/\/www.lieksanurheilijat.com\/index.php?rest_route=\/wp\/v2\/pages\/1932\/revisions\/7297"}],"up":[{"embeddable":true,"href":"https:\/\/www.lieksanurheilijat.com\/index.php?rest_route=\/wp\/v2\/pages\/14"}],"wp:attachment":[{"href":"https:\/\/www.lieksanurheilijat.com\/index.php?rest_route=%2Fwp%2Fv2%2Fmedia&parent=1932"}],"wp:term":[{"taxonomy":"category","embeddable":true,"href":"https:\/\/www.lieksanurheilijat.com\/index.php?rest_route=%2Fwp%2Fv2%2Fcategories&post=1932"},{"taxonomy":"post_tag","embeddable":true,"href":"https:\/\/www.lieksanurheilijat.com\/index.php?rest_route=%2Fwp%2Fv2%2Ftags&post=1932"}],"curies":[{"name":"wp","href":"https:\/\/api.w.org\/{rel}","templated":true}]}}