{"id":1857,"date":"2014-04-21T16:42:50","date_gmt":"2014-04-21T13:42:50","guid":{"rendered":"https:\/\/www.lieksanurheilijat.com\/?page_id=1857"},"modified":"2014-05-12T12:44:09","modified_gmt":"2014-05-12T09:44:09","slug":"42-malmijuoksu","status":"publish","type":"page","link":"https:\/\/www.lieksanurheilijat.com\/?page_id=1857","title":{"rendered":"42. Malmijuoksu"},"content":{"rendered":"<p><span style=\"color: #000000;\">21.4.2014<br \/>\nPyh\u00e4selk\u00e4<\/span><\/p>\n<p><span style=\"color: #000000;\">P15 4,5 km:\u00a0<\/span><br style=\"color: #000000;\" \/><span style=\"color: #000000;\">1 Ismo Partanen Polvij\u00e4rven Vauhti 16:07<\/span><br style=\"color: #000000;\" \/><span style=\"color: #000000;\">2 <strong>Eppu Honkanen Lieksan Urheilijat 16:31<\/strong><\/span><br style=\"color: #000000;\" \/><span style=\"color: #000000;\">3 Onni Luostarinen Joensuun kataja 19:11<\/span><br style=\"color: #000000;\" \/><span style=\"color: #000000;\">4 Petka Hummelholm Kalevan Rasti 20:08<\/span><\/p>\n<p><span style=\"color: #000000;\">T13 4,5 km:\u00a0<\/span><br style=\"color: #000000;\" \/><span style=\"color: #000000;\">1 <strong>Tanja Ryyn\u00e4nen Lieksan urheilijat 17:32<\/strong><\/span><br style=\"color: #000000;\" \/><span style=\"color: #000000;\">2 Salla R\u00f6nkk\u00f6 Pyh\u00e4sel\u00e4n urheilijat 19:31<\/span><br style=\"color: #000000;\" \/><span style=\"color: #000000;\">3 Riina Hassinen Pyh\u00e4sel\u00e4n Urheilijat 20:49<\/span><br style=\"color: #000000;\" \/><span style=\"color: #000000;\">4 Tuuli Turunen Tuupovaaran Urheilijat 22:39<\/span><br style=\"color: #000000;\" \/><span style=\"color: #000000;\">5 Noora Juutinen Tuupovaaran Urheilijat 22:44<\/span><\/p>\n","protected":false},"excerpt":{"rendered":"<p>21.4.2014 Pyh\u00e4selk\u00e4 P15 4,5 km:\u00a01 Ismo Partanen Polvij\u00e4rven Vauhti 16:072 Eppu Honkanen Lieksan Urheilijat 16:313 Onni Luostarinen Joensuun kataja 19:114 Petka Hummelholm Kalevan Rasti 20:08 T13 4,5 km:\u00a01 Tanja Ryyn\u00e4nen Lieksan urheilijat 17:322 Salla R\u00f6nkk\u00f6 Pyh\u00e4sel\u00e4n urheilijat 19:313 Riina Hassinen Pyh\u00e4sel\u00e4n Urheilijat 20:494 Tuuli Turunen Tuupovaaran Urheilijat 22:395 Noora Juutinen &hellip;<\/p>\n","protected":false},"author":3,"featured_media":0,"parent":312,"menu_order":71,"comment_status":"closed","ping_status":"closed","template":"","meta":{"footnotes":""},"categories":[7],"tags":[],"class_list":["post-1857","page","type-page","status-publish","hentry","category-tulokset"],"_links":{"self":[{"href":"https:\/\/www.lieksanurheilijat.com\/index.php?rest_route=\/wp\/v2\/pages\/1857","targetHints":{"allow":["GET"]}}],"collection":[{"href":"https:\/\/www.lieksanurheilijat.com\/index.php?rest_route=\/wp\/v2\/pages"}],"about":[{"href":"https:\/\/www.lieksanurheilijat.com\/index.php?rest_route=\/wp\/v2\/types\/page"}],"author":[{"embeddable":true,"href":"https:\/\/www.lieksanurheilijat.com\/index.php?rest_route=\/wp\/v2\/users\/3"}],"replies":[{"embeddable":true,"href":"https:\/\/www.lieksanurheilijat.com\/index.php?rest_route=%2Fwp%2Fv2%2Fcomments&post=1857"}],"version-history":[{"count":1,"href":"https:\/\/www.lieksanurheilijat.com\/index.php?rest_route=\/wp\/v2\/pages\/1857\/revisions"}],"predecessor-version":[{"id":1858,"href":"https:\/\/www.lieksanurheilijat.com\/index.php?rest_route=\/wp\/v2\/pages\/1857\/revisions\/1858"}],"up":[{"embeddable":true,"href":"https:\/\/www.lieksanurheilijat.com\/index.php?rest_route=\/wp\/v2\/pages\/312"}],"wp:attachment":[{"href":"https:\/\/www.lieksanurheilijat.com\/index.php?rest_route=%2Fwp%2Fv2%2Fmedia&parent=1857"}],"wp:term":[{"taxonomy":"category","embeddable":true,"href":"https:\/\/www.lieksanurheilijat.com\/index.php?rest_route=%2Fwp%2Fv2%2Fcategories&post=1857"},{"taxonomy":"post_tag","embeddable":true,"href":"https:\/\/www.lieksanurheilijat.com\/index.php?rest_route=%2Fwp%2Fv2%2Ftags&post=1857"}],"curies":[{"name":"wp","href":"https:\/\/api.w.org\/{rel}","templated":true}]}}