{"id":1659,"date":"2014-04-08T08:16:10","date_gmt":"2014-04-08T05:16:10","guid":{"rendered":"https:\/\/www.lieksanurheilijat.com\/?page_id=1659"},"modified":"2026-04-15T07:48:37","modified_gmt":"2026-04-15T04:48:37","slug":"kilpailuun-ilmoittautuminen","status":"publish","type":"page","link":"https:\/\/www.lieksanurheilijat.com\/?page_id=1659","title":{"rendered":"Kilpailuun ilmoittautuminen"},"content":{"rendered":"<p>Kilpailuihin ilmoittautuminen tapahtuu <a href=\"http:\/\/www.kilpailukalenteri.fi\">kilpailukalenteri.fi-j\u00e4rjestelm\u00e4n<\/a> kautta. J\u00e4rjestelm\u00e4n kautta ilmoittautuessa t\u00e4ytyy ensin valita kisa, sitten seura (Lieksan Urheilijat) ja urheilijan nimi ja lopuksi lajit joihin ilmoittaudutaan. Ilmoittautuminen maksetaan itse ja ilmoittautumismaksut haetaan seuralta j\u00e4lkik\u00e4teen kulukorvaushakemuksella. Seura tukee kilpailemista maksamalla ilmoittautumismaksut SM-kisoihin, PM-kisojen viralliset lajit ja muita kisoja aina 150\u20ac asti kuitteja vastaan. Hakemukselle voi halutessaan kerrytt\u00e4\u00e4 useamman ilmoittautumisen kulut. Hakemus l\u00f6ytyy materiaalipankista.<\/p>\n<p><span style=\"text-decoration: underline;\"><strong>J\u00c4LKI-ILMOITTAUTUMISET<\/strong><\/span> ja niist\u00e4 johtuvat maksut jokainen kilpailija huolehtii aina itse. Kilpailukalenteri.fi-j\u00e4rjestelm\u00e4n kautta voivat ilmoittautua vain ne, joiden lisenssi on maksettu. Nimi ei v\u00e4ltt\u00e4m\u00e4tt\u00e4 tule heti n\u00e4kyviin kilpailukalenteri.fi-j\u00e4rjestelm\u00e4\u00e4n,\u00a0 joten lisenssin hankkimista ei kannata j\u00e4tt\u00e4\u00e4 viimeiseen ilmoittautumisp\u00e4iv\u00e4\u00e4n.<\/p>\n<p>Jotta seura maksaisi kilpailujen osanottomaksuja, t\u00e4ytyy kilpailijan olla Lieksan Urheilijoiden j\u00e4sen, eli j\u00e4senmaksu tulee <strong>olla hoidettuna<\/strong>.<\/p>\n","protected":false},"excerpt":{"rendered":"<p>Kilpailuihin ilmoittautuminen tapahtuu kilpailukalenteri.fi-j\u00e4rjestelm\u00e4n kautta. J\u00e4rjestelm\u00e4n kautta ilmoittautuessa t\u00e4ytyy ensin valita kisa, sitten seura (Lieksan Urheilijat) ja urheilijan nimi ja lopuksi lajit joihin ilmoittaudutaan. Ilmoittautuminen maksetaan itse ja ilmoittautumismaksut haetaan seuralta j\u00e4lkik\u00e4teen kulukorvaushakemuksella. Seura tukee kilpailemista maksamalla ilmoittautumismaksut SM-kisoihin, PM-kisojen viralliset lajit ja muita kisoja aina 150\u20ac asti kuitteja vastaan. &hellip;<\/p>\n","protected":false},"author":3,"featured_media":0,"parent":11,"menu_order":9,"comment_status":"closed","ping_status":"closed","template":"","meta":{"footnotes":""},"categories":[],"tags":[],"class_list":["post-1659","page","type-page","status-publish","hentry"],"_links":{"self":[{"href":"https:\/\/www.lieksanurheilijat.com\/index.php?rest_route=\/wp\/v2\/pages\/1659","targetHints":{"allow":["GET"]}}],"collection":[{"href":"https:\/\/www.lieksanurheilijat.com\/index.php?rest_route=\/wp\/v2\/pages"}],"about":[{"href":"https:\/\/www.lieksanurheilijat.com\/index.php?rest_route=\/wp\/v2\/types\/page"}],"author":[{"embeddable":true,"href":"https:\/\/www.lieksanurheilijat.com\/index.php?rest_route=\/wp\/v2\/users\/3"}],"replies":[{"embeddable":true,"href":"https:\/\/www.lieksanurheilijat.com\/index.php?rest_route=%2Fwp%2Fv2%2Fcomments&post=1659"}],"version-history":[{"count":14,"href":"https:\/\/www.lieksanurheilijat.com\/index.php?rest_route=\/wp\/v2\/pages\/1659\/revisions"}],"predecessor-version":[{"id":7364,"href":"https:\/\/www.lieksanurheilijat.com\/index.php?rest_route=\/wp\/v2\/pages\/1659\/revisions\/7364"}],"up":[{"embeddable":true,"href":"https:\/\/www.lieksanurheilijat.com\/index.php?rest_route=\/wp\/v2\/pages\/11"}],"wp:attachment":[{"href":"https:\/\/www.lieksanurheilijat.com\/index.php?rest_route=%2Fwp%2Fv2%2Fmedia&parent=1659"}],"wp:term":[{"taxonomy":"category","embeddable":true,"href":"https:\/\/www.lieksanurheilijat.com\/index.php?rest_route=%2Fwp%2Fv2%2Fcategories&post=1659"},{"taxonomy":"post_tag","embeddable":true,"href":"https:\/\/www.lieksanurheilijat.com\/index.php?rest_route=%2Fwp%2Fv2%2Ftags&post=1659"}],"curies":[{"name":"wp","href":"https:\/\/api.w.org\/{rel}","templated":true}]}}