{"id":14,"date":"2014-03-21T08:11:06","date_gmt":"2014-03-21T06:11:06","guid":{"rendered":"https:\/\/www.lieksanurheilijat.com\/?page_id=14"},"modified":"2020-06-20T10:21:53","modified_gmt":"2020-06-20T07:21:53","slug":"yleisurheilu","status":"publish","type":"page","link":"https:\/\/www.lieksanurheilijat.com\/?page_id=14","title":{"rendered":"Yleisurheilu"},"content":{"rendered":"<p>Yleisurheilujaosto on t\u00e4ll\u00e4 hetkell\u00e4 Lieksan Urheilijoiden kolmesta jaostosta suurin ja aktiivisin. Lisenssiurheilijoita on noin 120, joista suurin osa urheilukoululaisia.<\/p>\n<h3>Vuoden 2015 menestyneimpi\u00e4 urheilijoita:<\/h3>\n<p><em><strong>Eeki Kokkonen<\/strong><\/em>\u00a0voitti kuluneen kauden aikana KLL:n SM-hopeaa korkeudessa. Ulkoratojen SM-kisoissa Eeki sijoittui 3-loikassa nelj\u00e4nneksi ja korkeudessa viidenneksi. Eeki edusti my\u00f6s It\u00e4-Suomea alueottelussa Pietarissa, sijoittuen 17-vuotiaiden kolmiloikassa kolmanneksi.<br \/>\n<em><strong>Moona Kokkonen\u00a0<\/strong><\/em>voitti kuluneen kauden aikana KLL:n SM-hopeaa.\u00a0My\u00f6s Moona edusti It\u00e4-Suomea alueottelussa Pietarissa ja sijoittui 17-vuotiaiden korkeudessa kolmanneksi.<br \/>\n<em><strong>Venla Kettunen<\/strong><\/em>\u00a0heitti 16-vuotiaiden moukarissa\u00a0Sm-neloseksi ja <strong>Silja Kempas<\/strong> (s. 1999) juoksi 200 metrill\u00e4 Sm-ysiksi.<br \/>\n<strong>Mervi Tolonen<\/strong> voitti aikuisurheilijoiden suomenmestaruuden heitto-ottelussa.<\/p>\n<h3>Seuran valmennusj\u00e4rjestelm\u00e4<\/h3>\n<p>Lieksan Urheilijoiden yleisurheilijoiden valmennusj\u00e4rjestelm\u00e4 tarjoaa nuorelle mahdollisuuden harrastaa yleisurheilua pienest\u00e4 pit\u00e4en hyv\u00e4ss\u00e4 seurassa. Lasten urheilukoulun kautta p\u00e4\u00e4see halutessaan ohjelmoituun valmennukseen, joka luo edellytyksi\u00e4 harrastaa lajia my\u00f6s &#8221;tosimieless\u00e4&#8221;. Kaikki seuran valmennustoiminta on maksullista. Valmentajina ja ohjaajina toimivat koulutetut valmentajat.<\/p>\n<p>Tervetuloa mukaan toimimaan hyv\u00e4ss\u00e4 seurassa!<\/p>\n<p><a href=\"https:\/\/www.lieksanurheilijat.com\/yleisurheilu\/urheilukoulu\/\">Urheilukoulu 5-12 -vuotiaille<\/a><\/p>\n","protected":false},"excerpt":{"rendered":"<p>Yleisurheilujaosto on t\u00e4ll\u00e4 hetkell\u00e4 Lieksan Urheilijoiden kolmesta jaostosta suurin ja aktiivisin. Lisenssiurheilijoita on noin 120, joista suurin osa urheilukoululaisia. Vuoden 2015 menestyneimpi\u00e4 urheilijoita: Eeki Kokkonen\u00a0voitti kuluneen kauden aikana KLL:n SM-hopeaa korkeudessa. Ulkoratojen SM-kisoissa Eeki sijoittui 3-loikassa nelj\u00e4nneksi ja korkeudessa viidenneksi. Eeki edusti my\u00f6s It\u00e4-Suomea alueottelussa Pietarissa, sijoittuen 17-vuotiaiden kolmiloikassa kolmanneksi. &hellip;<\/p>\n","protected":false},"author":3,"featured_media":0,"parent":0,"menu_order":3,"comment_status":"closed","ping_status":"closed","template":"","meta":{"footnotes":""},"categories":[],"tags":[],"class_list":["post-14","page","type-page","status-publish","hentry"],"_links":{"self":[{"href":"https:\/\/www.lieksanurheilijat.com\/index.php?rest_route=\/wp\/v2\/pages\/14","targetHints":{"allow":["GET"]}}],"collection":[{"href":"https:\/\/www.lieksanurheilijat.com\/index.php?rest_route=\/wp\/v2\/pages"}],"about":[{"href":"https:\/\/www.lieksanurheilijat.com\/index.php?rest_route=\/wp\/v2\/types\/page"}],"author":[{"embeddable":true,"href":"https:\/\/www.lieksanurheilijat.com\/index.php?rest_route=\/wp\/v2\/users\/3"}],"replies":[{"embeddable":true,"href":"https:\/\/www.lieksanurheilijat.com\/index.php?rest_route=%2Fwp%2Fv2%2Fcomments&post=14"}],"version-history":[{"count":13,"href":"https:\/\/www.lieksanurheilijat.com\/index.php?rest_route=\/wp\/v2\/pages\/14\/revisions"}],"predecessor-version":[{"id":6682,"href":"https:\/\/www.lieksanurheilijat.com\/index.php?rest_route=\/wp\/v2\/pages\/14\/revisions\/6682"}],"wp:attachment":[{"href":"https:\/\/www.lieksanurheilijat.com\/index.php?rest_route=%2Fwp%2Fv2%2Fmedia&parent=14"}],"wp:term":[{"taxonomy":"category","embeddable":true,"href":"https:\/\/www.lieksanurheilijat.com\/index.php?rest_route=%2Fwp%2Fv2%2Fcategories&post=14"},{"taxonomy":"post_tag","embeddable":true,"href":"https:\/\/www.lieksanurheilijat.com\/index.php?rest_route=%2Fwp%2Fv2%2Ftags&post=14"}],"curies":[{"name":"wp","href":"https:\/\/api.w.org\/{rel}","templated":true}]}}