{"id":117,"date":"2014-03-22T20:45:30","date_gmt":"2014-03-22T18:45:30","guid":{"rendered":"https:\/\/www.lieksanurheilijat.com\/?page_id=117"},"modified":"2025-09-20T18:29:10","modified_gmt":"2025-09-20T15:29:10","slug":"treeniajat","status":"publish","type":"page","link":"https:\/\/www.lieksanurheilijat.com\/?page_id=117","title":{"rendered":"Treeniajat"},"content":{"rendered":"<p><strong>Talvi 2025-2026<\/strong><\/p>\n<p>Urheilukoulujen vuoroja lukuun ottamatta kaikki seuran vuorot ovat kaikkien seuran j\u00e4senten k\u00e4yt\u00f6ss\u00e4.<\/p>\n<p><strong>Maanantaisin<\/strong><\/p>\n<p>16-17 Liehu 7-9-vuotiaiden urheilukoulu<\/p>\n<p><strong>Keskiviikkoisin<\/strong><\/p>\n<p>16-17 Liehussa 10-13-vuotiaiden urheilukoulu<\/p>\n<p><strong>Torstaisin<\/strong><\/p>\n<p>16.30-17.30 Liehussa 4-6-vuotiaiden urheilukoulu<\/p>\n<p><strong>Perjantaisin<\/strong><\/p>\n<p>17.00-18.30 Liehu 1 lohko<\/p>\n<p><strong>Lauantaisin<\/strong><\/p>\n<p>11-12.30 Liehu koko kentt\u00e4<\/p>\n","protected":false},"excerpt":{"rendered":"<p>Talvi 2025-2026 Urheilukoulujen vuoroja lukuun ottamatta kaikki seuran vuorot ovat kaikkien seuran j\u00e4senten k\u00e4yt\u00f6ss\u00e4. Maanantaisin 16-17 Liehu 7-9-vuotiaiden urheilukoulu Keskiviikkoisin 16-17 Liehussa 10-13-vuotiaiden urheilukoulu Torstaisin 16.30-17.30 Liehussa 4-6-vuotiaiden urheilukoulu Perjantaisin 17.00-18.30 Liehu 1 lohko Lauantaisin 11-12.30 Liehu koko kentt\u00e4<\/p>\n","protected":false},"author":3,"featured_media":0,"parent":14,"menu_order":5,"comment_status":"closed","ping_status":"closed","template":"","meta":{"footnotes":""},"categories":[],"tags":[],"class_list":["post-117","page","type-page","status-publish","hentry"],"_links":{"self":[{"href":"https:\/\/www.lieksanurheilijat.com\/index.php?rest_route=\/wp\/v2\/pages\/117","targetHints":{"allow":["GET"]}}],"collection":[{"href":"https:\/\/www.lieksanurheilijat.com\/index.php?rest_route=\/wp\/v2\/pages"}],"about":[{"href":"https:\/\/www.lieksanurheilijat.com\/index.php?rest_route=\/wp\/v2\/types\/page"}],"author":[{"embeddable":true,"href":"https:\/\/www.lieksanurheilijat.com\/index.php?rest_route=\/wp\/v2\/users\/3"}],"replies":[{"embeddable":true,"href":"https:\/\/www.lieksanurheilijat.com\/index.php?rest_route=%2Fwp%2Fv2%2Fcomments&post=117"}],"version-history":[{"count":30,"href":"https:\/\/www.lieksanurheilijat.com\/index.php?rest_route=\/wp\/v2\/pages\/117\/revisions"}],"predecessor-version":[{"id":7331,"href":"https:\/\/www.lieksanurheilijat.com\/index.php?rest_route=\/wp\/v2\/pages\/117\/revisions\/7331"}],"up":[{"embeddable":true,"href":"https:\/\/www.lieksanurheilijat.com\/index.php?rest_route=\/wp\/v2\/pages\/14"}],"wp:attachment":[{"href":"https:\/\/www.lieksanurheilijat.com\/index.php?rest_route=%2Fwp%2Fv2%2Fmedia&parent=117"}],"wp:term":[{"taxonomy":"category","embeddable":true,"href":"https:\/\/www.lieksanurheilijat.com\/index.php?rest_route=%2Fwp%2Fv2%2Fcategories&post=117"},{"taxonomy":"post_tag","embeddable":true,"href":"https:\/\/www.lieksanurheilijat.com\/index.php?rest_route=%2Fwp%2Fv2%2Ftags&post=117"}],"curies":[{"name":"wp","href":"https:\/\/api.w.org\/{rel}","templated":true}]}}