{"id":11,"date":"2014-03-21T08:09:22","date_gmt":"2014-03-21T06:09:22","guid":{"rendered":"https:\/\/www.lieksanurheilijat.com\/?page_id=11"},"modified":"2020-06-20T10:22:27","modified_gmt":"2020-06-20T07:22:27","slug":"yleista","status":"publish","type":"page","link":"https:\/\/www.lieksanurheilijat.com\/?page_id=11","title":{"rendered":"Yleist\u00e4"},"content":{"rendered":"<p>Lieksan Urheilijat on pohjoiskarjalaisessa Lieksan kaupungissa toimiva urheiluseura. Seuramme on t\u00e4ll\u00e4 hetkell\u00e4 yleisurheilun erikoisseura, jossa lisenssiurheilijoita on noin 100.<\/p>\n<p>Lieksan Urheilijat tarjoaa paikallisille lapsille ja nuorille mahdollisuuden harrastaa urheilua unohtamatta terveit\u00e4 el\u00e4m\u00e4ntapoja. Luonnollisesti my\u00f6s kilpaurheilu on olennainen osa seuran toiminnassa.<\/p>\n<p>Seurana Lieksan Urheilijoiden tavoite on pyrki\u00e4 koko ajan eteenp\u00e4in ja parantaa jatkuvasti tarjoamiaan palveluita. T\u00e4t\u00e4 tavoitetta edist\u00e4\u00e4 mainiosti seurassa yleisesti vallitseva nuorekas ja luova ilmapiiri.<\/p>\n<h4><strong>Seuran valmennusj\u00e4rjestelm\u00e4<\/strong><\/h4>\n<p>Lieksan Urheilijoiden yleisurheilijoiden valmennusj\u00e4rjestelm\u00e4 tarjoaa nuorelle mahdollisuuden harrastaa yleisurheilua pienest\u00e4 pit\u00e4en hyv\u00e4ss\u00e4 seurassa. Lasten urheilukoulun kautta p\u00e4\u00e4see halutessaan ohjelmoituun valmennukseen, joka luo edellytyksi\u00e4 harrastaa lajia my\u00f6s &#8221;tosimieless\u00e4&#8221;. Kaikki seuran valmennustoiminta on maksullista. Valmentajina ja ohjaajina toimivat koulutetut valmentajat.<\/p>\n<p>Tervetuloa mukaan toimimaan hyv\u00e4ss\u00e4 seurassa!<\/p>\n<p><strong><a href=\"https:\/\/www.lieksanurheilijat.com\/yleisurheilu\/urheilukoulu\/\">Lasten Yleisurheilukoulu 3-12 -vuotiaille<\/a><\/strong><\/p>\n<p><strong>Seiv\u00e4skoulu<\/strong><\/p>\n","protected":false},"excerpt":{"rendered":"<p>Lieksan Urheilijat on pohjoiskarjalaisessa Lieksan kaupungissa toimiva urheiluseura. Seuramme on t\u00e4ll\u00e4 hetkell\u00e4 yleisurheilun erikoisseura, jossa lisenssiurheilijoita on noin 100. Lieksan Urheilijat tarjoaa paikallisille lapsille ja nuorille mahdollisuuden harrastaa urheilua unohtamatta terveit\u00e4 el\u00e4m\u00e4ntapoja. Luonnollisesti my\u00f6s kilpaurheilu on olennainen osa seuran toiminnassa. Seurana Lieksan Urheilijoiden tavoite on pyrki\u00e4 koko ajan eteenp\u00e4in ja &hellip;<\/p>\n","protected":false},"author":3,"featured_media":0,"parent":0,"menu_order":1,"comment_status":"closed","ping_status":"closed","template":"","meta":{"footnotes":""},"categories":[],"tags":[],"class_list":["post-11","page","type-page","status-publish","hentry"],"_links":{"self":[{"href":"https:\/\/www.lieksanurheilijat.com\/index.php?rest_route=\/wp\/v2\/pages\/11","targetHints":{"allow":["GET"]}}],"collection":[{"href":"https:\/\/www.lieksanurheilijat.com\/index.php?rest_route=\/wp\/v2\/pages"}],"about":[{"href":"https:\/\/www.lieksanurheilijat.com\/index.php?rest_route=\/wp\/v2\/types\/page"}],"author":[{"embeddable":true,"href":"https:\/\/www.lieksanurheilijat.com\/index.php?rest_route=\/wp\/v2\/users\/3"}],"replies":[{"embeddable":true,"href":"https:\/\/www.lieksanurheilijat.com\/index.php?rest_route=%2Fwp%2Fv2%2Fcomments&post=11"}],"version-history":[{"count":19,"href":"https:\/\/www.lieksanurheilijat.com\/index.php?rest_route=\/wp\/v2\/pages\/11\/revisions"}],"predecessor-version":[{"id":6683,"href":"https:\/\/www.lieksanurheilijat.com\/index.php?rest_route=\/wp\/v2\/pages\/11\/revisions\/6683"}],"wp:attachment":[{"href":"https:\/\/www.lieksanurheilijat.com\/index.php?rest_route=%2Fwp%2Fv2%2Fmedia&parent=11"}],"wp:term":[{"taxonomy":"category","embeddable":true,"href":"https:\/\/www.lieksanurheilijat.com\/index.php?rest_route=%2Fwp%2Fv2%2Fcategories&post=11"},{"taxonomy":"post_tag","embeddable":true,"href":"https:\/\/www.lieksanurheilijat.com\/index.php?rest_route=%2Fwp%2Fv2%2Ftags&post=11"}],"curies":[{"name":"wp","href":"https:\/\/api.w.org\/{rel}","templated":true}]}}